{"id":22371,"date":"2024-05-07T14:48:10","date_gmt":"2024-05-07T11:48:10","guid":{"rendered":"https:\/\/galaspiegade.lv\/?page_id=22371"},"modified":"2024-06-04T13:51:32","modified_gmt":"2024-06-04T10:51:32","slug":"saimniekiem","status":"publish","type":"page","link":"https:\/\/galaspiegade.lv\/ru\/saimniekiem\/","title":{"rendered":"\u0414\u041b\u042f \u0424\u0415\u0420\u041c\u0415\u0420\u041e\u0412"},"content":{"rendered":"<div data-elementor-type=\"wp-page\" data-elementor-id=\"22371\" class=\"elementor elementor-22371\" data-elementor-post-type=\"page\">\n\t\t\t\t<div class=\"elementor-element elementor-element-8666f62 e-flex e-con-boxed e-con e-parent\" data-id=\"8666f62\" data-element_type=\"container\" data-e-type=\"container\">\n\t\t\t\t\t<div class=\"e-con-inner\">\n\t\t<div class=\"elementor-element elementor-element-155a1d6 e-con-full e-flex e-con e-child\" data-id=\"155a1d6\" data-element_type=\"container\" data-e-type=\"container\">\n\t\t\t\t<div class=\"elementor-element elementor-element-19f4ac1 elementor-widget elementor-widget-tm-heading\" data-id=\"19f4ac1\" data-element_type=\"widget\" data-e-type=\"widget\" data-widget_type=\"tm-heading.default\">\n\t\t\t\t<div class=\"elementor-widget-container\">\n\t\t\t\t\t\t\t<div class=\"tm-modern-heading tm-modern-heading--style-01 tm-modern-heading--highlight-style-01\">\n\t\t\t\n\t\t\t\t\t<div class=\"heading-primary-wrap\">\n\t\t\t<h2 class=\"heading-primary elementor-heading-title\">\u0418\u043d\u0444\u043e\u0440\u043c\u0430\u0446\u0438\u044f \u0434\u043b\u044f \u0444\u0435\u0440\u043c\u0435\u0440\u0441\u043a\u0438\u0445 \u0445\u043e\u0437\u044f\u0439\u0441\u0442\u0432, \u0436\u0435\u043b\u0430\u044e\u0449\u0438\u0445 \u0432\u0441\u0442\u0443\u043f\u0438\u0442\u044c \u0432 \u043a\u043e\u043e\u043f\u0435\u0440\u0430\u0442\u0438\u0432<\/h2>\t\t<\/div>\n\t\t\n\t\t\t\n\t\t\t\t\t<\/div>\n\t\t\t\t\t\t<\/div>\n\t\t\t\t<\/div>\n\t\t<div class=\"elementor-element elementor-element-ce1a40c e-con-full e-flex e-con e-child\" data-id=\"ce1a40c\" data-element_type=\"container\" data-e-type=\"container\">\n\t\t\t\t<div class=\"elementor-element elementor-element-e10b29e minimog-animation-zoom-in minimog-team-member-style-01 elementor-widget elementor-widget-tm-team-member\" data-id=\"e10b29e\" data-element_type=\"widget\" data-e-type=\"widget\" data-widget_type=\"tm-team-member.default\">\n\t\t\t\t<div class=\"elementor-widget-container\">\n\t\t\t\t\t\t\t<div class=\"tm-team-member minimog-box\">\n\n\t\t\t<div class=\"item\">\n\t\t\t\t\t\t\t\t\t<div class=\"photo minimog-image\">\n\t\t\t\t\t\t<m-image class=\"minimog-lazy-image\" style=\"--lazy-image-width: 1000px;--lazy-image-height: 66.7%;\" data-image-loading><img loading=\"lazy\" decoding=\"async\"  src=\"https:\/\/galaspiegade.lv\/wp-content\/uploads\/2024\/05\/biedrs.jpg\" width=\"1000\" height=\"667\" alt=\"biedrs\" class=\"attachment-full size-full\" \/><\/m-image>\n\t\t\t\t\t\t<div class=\"overlay\"><\/div>\n\n\t\t\t\t\t\t\t\t\t\t\t<\/div>\n\n\t\t\t\t\t<div class=\"info\">\n\t\t\t\t\t\t\t\t<div class=\"name-wrap\">\n\t\t\t<h3 class=\"name\">\n\t\t\t\t<a href=\"https:\/\/galaspiegade.lv\/ru\/ka-klut-par-biedru\/\" target=\"_blank\" rel=\"nofollow\">\u041a\u0430\u043a \u0441\u0442\u0430\u0442\u044c \u0447\u043b\u0435\u043d\u043e\u043c<\/a>\t\t\t<\/h3>\n\t\t<\/div>\n\t\t\n\t\t\t\t\t\t\n\t\t\t\t\t\t\t\t\t\t\t<\/div>\n\t\t\t\t\t\t\t<\/div>\n\t\t<\/div>\n\t\t\t\t\t\t<\/div>\n\t\t\t\t<\/div>\n\t\t\t\t<div class=\"elementor-element elementor-element-2027d65 minimog-animation-zoom-in minimog-team-member-style-01 elementor-widget elementor-widget-tm-team-member\" data-id=\"2027d65\" data-element_type=\"widget\" data-e-type=\"widget\" data-widget_type=\"tm-team-member.default\">\n\t\t\t\t<div class=\"elementor-widget-container\">\n\t\t\t\t\t\t\t<div class=\"tm-team-member minimog-box\">\n\n\t\t\t<div class=\"item\">\n\t\t\t\t\t\t\t\t\t<div class=\"photo minimog-image\">\n\t\t\t\t\t\t<m-image class=\"minimog-lazy-image\" style=\"--lazy-image-width: 1000px;--lazy-image-height: 66.7%;\" data-image-loading><img loading=\"lazy\" decoding=\"async\"  src=\"https:\/\/galaspiegade.lv\/wp-content\/uploads\/2024\/06\/DSC_0554-1-1.jpg\" width=\"1000\" height=\"667\" alt=\"DSC_0554-(1)\" class=\"attachment-full size-full\" \/><\/m-image>\n\t\t\t\t\t\t<div class=\"overlay\"><\/div>\n\n\t\t\t\t\t\t\t\t\t\t\t<\/div>\n\n\t\t\t\t\t<div class=\"info\">\n\t\t\t\t\t\t\t\t<div class=\"name-wrap\">\n\t\t\t<h3 class=\"name\">\n\t\t\t\t<a href=\"https:\/\/galaspiegade.lv\/ru\/vaislas-dzivnieki\/\" rel=\"nofollow\">\u0420\u0430\u0437\u0432\u0435\u0434\u0435\u043d\u0438\u0435 \u0436\u0438\u0432\u043e\u0442\u043d\u044b\u0445<\/a>\t\t\t<\/h3>\n\t\t<\/div>\n\t\t\n\t\t\t\t\t\t\n\t\t\t\t\t\t\t\t\t\t\t<\/div>\n\t\t\t\t\t\t\t<\/div>\n\t\t<\/div>\n\t\t\t\t\t\t<\/div>\n\t\t\t\t<\/div>\n\t\t\t\t<div class=\"elementor-element elementor-element-4bf94a3 minimog-animation-zoom-in minimog-team-member-style-01 elementor-widget elementor-widget-tm-team-member\" data-id=\"4bf94a3\" data-element_type=\"widget\" data-e-type=\"widget\" data-widget_type=\"tm-team-member.default\">\n\t\t\t\t<div class=\"elementor-widget-container\">\n\t\t\t\t\t\t\t<div class=\"tm-team-member minimog-box\">\n\n\t\t\t<div class=\"item\">\n\t\t\t\t\t\t\t\t\t<div class=\"photo minimog-image\">\n\t\t\t\t\t\t<m-image class=\"minimog-lazy-image\" style=\"--lazy-image-width: 1000px;--lazy-image-height: 66.7%;\" data-image-loading><img loading=\"lazy\" decoding=\"async\"  src=\"https:\/\/galaspiegade.lv\/wp-content\/uploads\/2024\/05\/publikacijas.jpg\" width=\"1000\" height=\"667\" alt=\"publikacijas\" class=\"attachment-full size-full\" \/><\/m-image>\n\t\t\t\t\t\t<div class=\"overlay\"><\/div>\n\n\t\t\t\t\t\t\t\t\t\t\t<\/div>\n\n\t\t\t\t\t<div class=\"info\">\n\t\t\t\t\t\t\t\t<div class=\"name-wrap\">\n\t\t\t<h3 class=\"name\">\n\t\t\t\t<a href=\"https:\/\/galaspiegade.lv\/ru\/publikacijas\/\" rel=\"nofollow\">\u041f\u0443\u0431\u043b\u0438\u043a\u0430\u0446\u0438\u0438<\/a>\t\t\t<\/h3>\n\t\t<\/div>\n\t\t\n\t\t\t\t\t\t\n\t\t\t\t\t\t\t\t\t\t\t<\/div>\n\t\t\t\t\t\t\t<\/div>\n\t\t<\/div>\n\t\t\t\t\t\t<\/div>\n\t\t\t\t<\/div>\n\t\t\t\t<\/div>\n\t\t\t\t<\/div>\n\t\t\t\t\t<\/div>\n\t\t\t\t<\/div>\n\t\t\t\t<\/div>","protected":false},"excerpt":{"rendered":"<p>Inform\u0101cija saimniec\u012bb\u0101m, kas v\u0113las pievienoties kooperat\u012bvam K\u0101 k\u013c\u016bt par biedru Vaislas dz\u012bvnieki Publik\u0101cijas<\/p>","protected":false},"author":563,"featured_media":0,"parent":0,"menu_order":0,"comment_status":"closed","ping_status":"closed","template":"","meta":{"footnotes":""},"class_list":["post-22371","page","type-page","status-publish","hentry","post-no-thumbnail"],"jetpack_sharing_enabled":true,"_links":{"self":[{"href":"https:\/\/galaspiegade.lv\/ru\/wp-json\/wp\/v2\/pages\/22371","targetHints":{"allow":["GET"]}}],"collection":[{"href":"https:\/\/galaspiegade.lv\/ru\/wp-json\/wp\/v2\/pages"}],"about":[{"href":"https:\/\/galaspiegade.lv\/ru\/wp-json\/wp\/v2\/types\/page"}],"author":[{"embeddable":true,"href":"https:\/\/galaspiegade.lv\/ru\/wp-json\/wp\/v2\/users\/563"}],"replies":[{"embeddable":true,"href":"https:\/\/galaspiegade.lv\/ru\/wp-json\/wp\/v2\/comments?post=22371"}],"version-history":[{"count":37,"href":"https:\/\/galaspiegade.lv\/ru\/wp-json\/wp\/v2\/pages\/22371\/revisions"}],"predecessor-version":[{"id":23263,"href":"https:\/\/galaspiegade.lv\/ru\/wp-json\/wp\/v2\/pages\/22371\/revisions\/23263"}],"wp:attachment":[{"href":"https:\/\/galaspiegade.lv\/ru\/wp-json\/wp\/v2\/media?parent=22371"}],"curies":[{"name":"wp","href":"https:\/\/api.w.org\/{rel}","templated":true}]}}