{"id":22388,"date":"2024-05-07T15:22:10","date_gmt":"2024-05-07T12:22:10","guid":{"rendered":"https:\/\/galaspiegade.lv\/?page_id=22388"},"modified":"2024-05-07T16:17:15","modified_gmt":"2024-05-07T13:17:15","slug":"ka-klut-par-biedru","status":"publish","type":"page","link":"https:\/\/galaspiegade.lv\/ru\/ka-klut-par-biedru\/","title":{"rendered":"\u041a\u0430\u043a \u0441\u0442\u0430\u0442\u044c \u0447\u043b\u0435\u043d\u043e\u043c"},"content":{"rendered":"<div data-elementor-type=\"wp-page\" data-elementor-id=\"22388\" class=\"elementor elementor-22388\" data-elementor-post-type=\"page\">\n\t\t\t\t<div class=\"elementor-element elementor-element-e3cce70 e-flex e-con-boxed e-con e-parent\" data-id=\"e3cce70\" data-element_type=\"container\" data-e-type=\"container\">\n\t\t\t\t\t<div class=\"e-con-inner\">\n\t\t\t\t<div class=\"elementor-element elementor-element-b7da0c6 elementor-widget elementor-widget-heading\" data-id=\"b7da0c6\" data-element_type=\"widget\" data-e-type=\"widget\" data-widget_type=\"heading.default\">\n\t\t\t\t<div class=\"elementor-widget-container\">\n\t\t\t\t\t<h2 class=\"elementor-heading-title elementor-size-default\">\u041a\u0430\u043a \u0441\u0442\u0430\u0442\u044c \u0447\u043b\u0435\u043d\u043e\u043c<\/h2>\t\t\t\t<\/div>\n\t\t\t\t<\/div>\n\t\t\t\t<div class=\"elementor-element elementor-element-980f364 elementor-widget elementor-widget-text-editor\" data-id=\"980f364\" data-element_type=\"widget\" data-e-type=\"widget\" data-widget_type=\"text-editor.default\">\n\t\t\t\t<div class=\"elementor-widget-container\">\n\t\t\t\t\t\t\t\t\t<p>\u0415\u0441\u043b\u0438 \u0432\u044b \u0437\u0430\u043d\u0438\u043c\u0430\u0435\u0442\u0435\u0441\u044c \u043c\u044f\u0441\u043d\u044b\u043c \u0436\u0438\u0432\u043e\u0442\u043d\u043e\u0432\u043e\u0434\u0441\u0442\u0432\u043e\u043c \u0438 \u0445\u043e\u0442\u0438\u0442\u0435 \u043f\u0440\u0435\u0434\u043b\u043e\u0436\u0438\u0442\u044c \u0445\u0438\u0449\u043d\u0438\u043a\u0430\u043c \u043a\u0430\u0447\u0435\u0441\u0442\u0432\u0435\u043d\u043d\u0443\u044e \u0433\u043e\u0432\u044f\u0434\u0438\u043d\u0443 \u0441\u043e \u0441\u0432\u043e\u0435\u0439 \u0444\u0435\u0440\u043c\u044b, \u0430 \u0442\u0430\u043a\u0436\u0435 \u0432\u0438\u0434\u0438\u0442\u0435 \u0434\u043e\u043b\u0433\u043e\u0441\u0440\u043e\u0447\u043d\u0443\u044e \u0432\u044b\u0433\u043e\u0434\u0443 \u0432 \u0441\u043e\u0442\u0440\u0443\u0434\u043d\u0438\u0447\u0435\u0441\u0442\u0432\u0435 - \u043f\u0440\u0438\u0441\u043e\u0435\u0434\u0438\u043d\u044f\u0439\u0442\u0435\u0441\u044c \u043a \u043d\u0430\u0448\u0435\u0439 \u043a\u043e\u043c\u0430\u043d\u0434\u0435!<\/p><p>\u0415\u0436\u0435\u043d\u0435\u0434\u0435\u043b\u044c\u043d\u044b\u0435 \u043f\u043e\u0441\u0442\u0430\u0432\u043a\u0438 \u043f\u0440\u043e\u0434\u0443\u043a\u0446\u0438\u0438 \u043d\u0430 \u043c\u0435\u0441\u0442\u043d\u044b\u0439 \u0440\u044b\u043d\u043e\u043a. \u041c\u044b \u043f\u0440\u043e\u0434\u0430\u0435\u043c \u043a\u0440\u0443\u043f\u043d\u044b\u0439 \u0440\u043e\u0433\u0430\u0442\u044b\u0439 \u0441\u043a\u043e\u0442 \u043f\u043e\u0440\u043e\u0434 \u0430\u043d\u0433\u0443\u0441 \u0438 \u0433\u0435\u0440\u0435\u0444\u043e\u0440\u0434 \u0438\u043b\u0438 \u043a\u0440\u043e\u0441\u0441\u0431\u0440\u0435\u0434\u043d\u044b\u0439 \u0441\u043a\u043e\u0442 \u043f\u043e\u0440\u043e\u0434 \u0430\u043d\u0433\u0443\u0441 \u0438 \u0433\u0435\u0440\u0435\u0444\u043e\u0440\u0434, \u043e\u0442\u043a\u043e\u0440\u043c\u043b\u0435\u043d\u043d\u044b\u0439 \u0434\u043e 16-30-\u043c\u0435\u0441\u044f\u0447\u043d\u043e\u0433\u043e \u0432\u043e\u0437\u0440\u0430\u0441\u0442\u0430.\u00a0<\/p><p>\u0420\u044b\u043d\u043a\u0438 \u0441\u0431\u044b\u0442\u0430 \u0434\u043b\u044f \u0434\u0440\u0443\u0433\u0438\u0445 \u043f\u043e\u0440\u043e\u0434 \u043a\u0440\u0443\u043f\u043d\u043e\u0433\u043e \u0440\u043e\u0433\u0430\u0442\u043e\u0433\u043e \u0441\u043a\u043e\u0442\u0430 \u0438\u0449\u0443\u0442\u0441\u044f \u0438 \u0440\u0435\u0430\u043b\u0438\u0437\u0443\u044e\u0442\u0441\u044f \u0432 \u0432\u0438\u0434\u0435 \u044d\u043a\u0441\u043f\u043e\u0440\u0442\u0430.<\/p><p>\u0412\u044b \u043c\u043e\u0436\u0435\u0442\u0435 \u043e\u0437\u043d\u0430\u043a\u043e\u043c\u0438\u0442\u044c\u0441\u044f \u0441 \u043d\u0430\u0448\u0438\u043c \u0443\u0441\u0442\u0430\u0432\u043e\u043c <span style=\"text-decoration: underline;\"><a href=\"https:\/\/galaspiegade.lv\/ru\/kooperativa-statuti\/\">\u0417\u0414\u0415\u0421\u042c<\/a><\/span><\/p>\t\t\t\t\t\t\t\t<\/div>\n\t\t\t\t<\/div>\n\t\t\t\t\t<\/div>\n\t\t\t\t<\/div>\n\t\t\t\t<\/div>","protected":false},"excerpt":{"rendered":"<p>K\u0101 k\u013c\u016bt par biedru Ja Tu esi ga\u013cas liellopu audz\u0113t\u0101js, un v\u0113lies pied\u0101v\u0101t ga\u013c\u0113d\u0101jiem sav\u0101 saimniec\u012bb\u0101 izaudz\u0113tu, kvalitat\u012bvu liellopa ga\u013cu, un saskati ilgtermi\u0146a sp\u0113ku kooper\u0101cij\u0101, \u00a0&#8211; pievienojies m\u016bsu komandai! Ikned\u0113\u013cas produkcijas pieg\u0101d\u0113s viet\u0113jam tirgum. M\u0113s realiz\u0113jam Angus un Herefordas \u0161\u0137ir\u0146u vai to krustojumu liellopus, kas nobaroti l\u012bdz 16-30 m\u0113ne\u0161u vecumam.\u00a0 Citu \u0161\u0137ir\u0146u liellopu realiz\u0101cijas tirgi tiek mekl\u0113ti un \u012bsteni eksportos. Ar m\u016bsu kooperat\u012bv\u0101s sabiedr\u012bbas stat\u016btiem vari iepaz\u012bties \u0160EIT<\/p>","protected":false},"author":563,"featured_media":0,"parent":0,"menu_order":0,"comment_status":"closed","ping_status":"closed","template":"","meta":{"footnotes":""},"class_list":["post-22388","page","type-page","status-publish","hentry","post-no-thumbnail"],"jetpack_sharing_enabled":true,"_links":{"self":[{"href":"https:\/\/galaspiegade.lv\/ru\/wp-json\/wp\/v2\/pages\/22388","targetHints":{"allow":["GET"]}}],"collection":[{"href":"https:\/\/galaspiegade.lv\/ru\/wp-json\/wp\/v2\/pages"}],"about":[{"href":"https:\/\/galaspiegade.lv\/ru\/wp-json\/wp\/v2\/types\/page"}],"author":[{"embeddable":true,"href":"https:\/\/galaspiegade.lv\/ru\/wp-json\/wp\/v2\/users\/563"}],"replies":[{"embeddable":true,"href":"https:\/\/galaspiegade.lv\/ru\/wp-json\/wp\/v2\/comments?post=22388"}],"version-history":[{"count":16,"href":"https:\/\/galaspiegade.lv\/ru\/wp-json\/wp\/v2\/pages\/22388\/revisions"}],"predecessor-version":[{"id":22456,"href":"https:\/\/galaspiegade.lv\/ru\/wp-json\/wp\/v2\/pages\/22388\/revisions\/22456"}],"wp:attachment":[{"href":"https:\/\/galaspiegade.lv\/ru\/wp-json\/wp\/v2\/media?parent=22388"}],"curies":[{"name":"wp","href":"https:\/\/api.w.org\/{rel}","templated":true}]}}