{"id":22398,"date":"2024-05-07T15:29:57","date_gmt":"2024-05-07T12:29:57","guid":{"rendered":"https:\/\/galaspiegade.lv\/?page_id=22398"},"modified":"2024-05-08T12:55:29","modified_gmt":"2024-05-08T09:55:29","slug":"publikacijas","status":"publish","type":"page","link":"https:\/\/galaspiegade.lv\/ru\/publikacijas\/","title":{"rendered":"\u041f\u0443\u0431\u043b\u0438\u043a\u0430\u0446\u0438\u0438"},"content":{"rendered":"<div data-elementor-type=\"wp-page\" data-elementor-id=\"22398\" class=\"elementor elementor-22398\" data-elementor-post-type=\"page\">\n\t\t\t\t<div class=\"elementor-element elementor-element-7dea8ec e-flex e-con-boxed e-con e-parent\" data-id=\"7dea8ec\" data-element_type=\"container\" data-e-type=\"container\">\n\t\t\t\t\t<div class=\"e-con-inner\">\n\t\t\t\t<div class=\"elementor-element elementor-element-33f2166 elementor-widget elementor-widget-heading\" data-id=\"33f2166\" data-element_type=\"widget\" data-e-type=\"widget\" data-widget_type=\"heading.default\">\n\t\t\t\t<div class=\"elementor-widget-container\">\n\t\t\t\t\t<h2 class=\"elementor-heading-title elementor-size-default\">\u041f\u0443\u0431\u043b\u0438\u043a\u0430\u0446\u0438\u0438<\/h2>\t\t\t\t<\/div>\n\t\t\t\t<\/div>\n\t\t\t\t<div class=\"elementor-element elementor-element-c54fad9 elementor-widget elementor-widget-text-editor\" data-id=\"c54fad9\" data-element_type=\"widget\" data-e-type=\"widget\" data-widget_type=\"text-editor.default\">\n\t\t\t\t<div class=\"elementor-widget-container\">\n\t\t\t\t\t\t\t\t\t<p>J\u0101liek fotoatt\u0113li ar rakstiem par mums \u017eurn\u0101los, av\u012bz\u0113s utt.<\/p>\t\t\t\t\t\t\t\t<\/div>\n\t\t\t\t<\/div>\n\t\t\t\t<div class=\"elementor-element elementor-element-44edcaf elementor-widget elementor-widget-tm-blog\" data-id=\"44edcaf\" data-element_type=\"widget\" data-e-type=\"widget\" data-widget_type=\"tm-blog.default\">\n\t\t\t\t<div class=\"elementor-widget-container\">\n\t\t\t\t\t\t\t<div class=\"minimog-grid-wrapper minimog-blog minimog-blog-list\">\n\t\t\t\t\t<\/div>\n\t\t\t\t\t\t<\/div>\n\t\t\t\t<\/div>\n\t\t\t\t\t<\/div>\n\t\t\t\t<\/div>\n\t\t\t\t<\/div>","protected":false},"excerpt":{"rendered":"<p>Publik\u0101cijas J\u0101liek fotoatt\u0113li ar rakstiem par mums \u017eurn\u0101los, av\u012bz\u0113s utt.<\/p>","protected":false},"author":563,"featured_media":0,"parent":0,"menu_order":0,"comment_status":"closed","ping_status":"closed","template":"","meta":{"footnotes":""},"class_list":["post-22398","page","type-page","status-publish","hentry","post-no-thumbnail"],"jetpack_sharing_enabled":true,"_links":{"self":[{"href":"https:\/\/galaspiegade.lv\/ru\/wp-json\/wp\/v2\/pages\/22398","targetHints":{"allow":["GET"]}}],"collection":[{"href":"https:\/\/galaspiegade.lv\/ru\/wp-json\/wp\/v2\/pages"}],"about":[{"href":"https:\/\/galaspiegade.lv\/ru\/wp-json\/wp\/v2\/types\/page"}],"author":[{"embeddable":true,"href":"https:\/\/galaspiegade.lv\/ru\/wp-json\/wp\/v2\/users\/563"}],"replies":[{"embeddable":true,"href":"https:\/\/galaspiegade.lv\/ru\/wp-json\/wp\/v2\/comments?post=22398"}],"version-history":[{"count":25,"href":"https:\/\/galaspiegade.lv\/ru\/wp-json\/wp\/v2\/pages\/22398\/revisions"}],"predecessor-version":[{"id":22549,"href":"https:\/\/galaspiegade.lv\/ru\/wp-json\/wp\/v2\/pages\/22398\/revisions\/22549"}],"wp:attachment":[{"href":"https:\/\/galaspiegade.lv\/ru\/wp-json\/wp\/v2\/media?parent=22398"}],"curies":[{"name":"wp","href":"https:\/\/api.w.org\/{rel}","templated":true}]}}