{"id":22403,"date":"2024-05-07T15:31:39","date_gmt":"2024-05-07T12:31:39","guid":{"rendered":"https:\/\/galaspiegade.lv\/?page_id=22403"},"modified":"2024-05-07T22:14:35","modified_gmt":"2024-05-07T19:14:35","slug":"vaislas-dzivnieki","status":"publish","type":"page","link":"https:\/\/galaspiegade.lv\/ru\/vaislas-dzivnieki\/","title":{"rendered":"\u0420\u0430\u0437\u0432\u0435\u0434\u0435\u043d\u0438\u0435 \u0436\u0438\u0432\u043e\u0442\u043d\u044b\u0445"},"content":{"rendered":"<div data-elementor-type=\"wp-page\" data-elementor-id=\"22403\" class=\"elementor elementor-22403\" data-elementor-post-type=\"page\">\n\t\t\t\t<div class=\"elementor-element elementor-element-510609c e-flex e-con-boxed e-con e-parent\" data-id=\"510609c\" data-element_type=\"container\" data-e-type=\"container\">\n\t\t\t\t\t<div class=\"e-con-inner\">\n\t\t\t\t<div class=\"elementor-element elementor-element-e78e57f elementor-widget elementor-widget-heading\" data-id=\"e78e57f\" data-element_type=\"widget\" data-e-type=\"widget\" data-widget_type=\"heading.default\">\n\t\t\t\t<div class=\"elementor-widget-container\">\n\t\t\t\t\t<h2 class=\"elementor-heading-title elementor-size-default\">\u0420\u0430\u0437\u0432\u0435\u0434\u0435\u043d\u0438\u0435 \u0436\u0438\u0432\u043e\u0442\u043d\u044b\u0445<\/h2>\t\t\t\t<\/div>\n\t\t\t\t<\/div>\n\t\t\t\t<div class=\"elementor-element elementor-element-05227fb elementor-widget elementor-widget-text-editor\" data-id=\"05227fb\" data-element_type=\"widget\" data-e-type=\"widget\" data-widget_type=\"text-editor.default\">\n\t\t\t\t<div class=\"elementor-widget-container\">\n\t\t\t\t\t\t\t\t\t<p>\u0421\u0440\u0435\u0434\u0438 \u043d\u0430\u0448\u0438\u0445 \u0447\u043b\u0435\u043d\u043e\u0432 \u0442\u0430\u043a\u0436\u0435 \u0435\u0441\u0442\u044c \u0444\u0435\u0440\u043c\u0435\u0440\u044b, \u043a\u043e\u0442\u043e\u0440\u044b\u0435 \u0437\u0430\u043d\u0438\u043c\u0430\u044e\u0442\u0441\u044f \u0440\u0430\u0437\u0432\u0435\u0434\u0435\u043d\u0438\u0435\u043c \u0438 \u043f\u0440\u0435\u0434\u043b\u0430\u0433\u0430\u044e\u0442 \u043a\u0443\u043f\u0438\u0442\u044c \u0432\u044b\u0441\u043e\u043a\u043e\u043a\u0430\u0447\u0435\u0441\u0442\u0432\u0435\u043d\u043d\u044b\u0439 \u043f\u043b\u0435\u043c\u0435\u043d\u043d\u043e\u0439 \u043c\u0430\u0442\u0435\u0440\u0438\u0430\u043b.<\/p><ul><li>SIA AIRENE - \u0447\u0438\u0441\u0442\u043e\u043f\u043e\u0440\u043e\u0434\u043d\u044b\u0435 \u043f\u043b\u0435\u043c\u0435\u043d\u043d\u044b\u0435 \u0431\u044b\u043a\u0438 \u0438 \u0442\u0435\u043b\u043a\u0438 \u043f\u043e\u0440\u043e\u0434\u044b \u0448\u0430\u0440\u043e\u043b\u0435 \u0438 \u0430\u043d\u0433\u0443\u0441 \u0432 \u0421\u0430\u043b\u0434\u0443\u0441\u0441\u043a\u043e\u043c \u0440\u0430\u0439\u043e\u043d\u0435<\/li><li>SIA \"EKO D\u0100RZS\" - \u0447\u0438\u0441\u0442\u043e\u043f\u043e\u0440\u043e\u0434\u043d\u043e\u0435 \u0441\u0442\u0430\u0434\u043e \u0430\u043d\u0433\u0443\u0441\u043e\u0432 \u0432 \u041b\u0438\u043c\u0431\u0430\u0437\u0441\u043a\u043e\u043c \u0440\u0430\u0439\u043e\u043d\u0435<\/li><li>SIA \"Liepi\u0146as DD\" - \u0447\u0438\u0441\u0442\u043e\u043f\u043e\u0440\u043e\u0434\u043d\u043e\u0435 \u0441\u0442\u0430\u0434\u043e \u0448\u0430\u0440\u043e\u043b\u0435 \u0438 \u0441\u0438\u043c\u043c\u0435\u043d\u0442\u0430\u043b\u043e\u0432 \u0432 \u0432\u043e\u043b\u043e\u0441\u0442\u0438 \u0410\u043b\u0443\u043a\u0441\u043d\u0435<\/li><li>SIA SITA NATURE PARK  - \u0447\u0438\u0441\u0442\u043e\u043f\u043e\u0440\u043e\u0434\u043d\u043e\u0435 \u0441\u0442\u0430\u0434\u043e \u0433\u0435\u0440\u0435\u0444\u043e\u0440\u0434\u043e\u0432 \u0432 \u0413\u0443\u043b\u0431\u0435\u043d\u0441\u043a\u043e\u043c \u0440\u0430\u0439\u043e\u043d\u0435<\/li><\/ul>\t\t\t\t\t\t\t\t<\/div>\n\t\t\t\t<\/div>\n\t\t\t\t\t<\/div>\n\t\t\t\t<\/div>\n\t\t\t\t<\/div>","protected":false},"excerpt":{"rendered":"<p>Vaislas dz\u012bvnieki M\u016bsu kooperat\u012bva biedru vid\u016b ir ar\u012b saimnieki,kuri audz\u0113 un pied\u0101v\u0101 ieg\u0101d\u0101ties augstas kvalit\u0101tes vaislas materi\u0101lu. SIA AIRENE \u2013 \u0161arol\u0113 un angus t\u012br\u0161\u0137irnes vaislas bu\u013c\u013ci un teles Saldus novad\u0101 SIA EKO D\u0100RZS \u2013 angus t\u012br\u0161\u0137irnes gan\u0101mpulks Limba\u017eu novad\u0101 SIA Liepi\u0146as DD \u2013 \u0161arol\u0113 un s\u012bment\u0101les t\u012br\u0161\u0137irnes gan\u0101mpulks Al\u016bksnes novad\u0101 SIA SITA NATURE PARK \u2013 herefordas t\u012br\u0161\u0137irnes gan\u0101mpulks Gulbenes novad\u0101<\/p>","protected":false},"author":563,"featured_media":0,"parent":0,"menu_order":0,"comment_status":"closed","ping_status":"closed","template":"","meta":{"footnotes":""},"class_list":["post-22403","page","type-page","status-publish","hentry","post-no-thumbnail"],"jetpack_sharing_enabled":true,"_links":{"self":[{"href":"https:\/\/galaspiegade.lv\/ru\/wp-json\/wp\/v2\/pages\/22403","targetHints":{"allow":["GET"]}}],"collection":[{"href":"https:\/\/galaspiegade.lv\/ru\/wp-json\/wp\/v2\/pages"}],"about":[{"href":"https:\/\/galaspiegade.lv\/ru\/wp-json\/wp\/v2\/types\/page"}],"author":[{"embeddable":true,"href":"https:\/\/galaspiegade.lv\/ru\/wp-json\/wp\/v2\/users\/563"}],"replies":[{"embeddable":true,"href":"https:\/\/galaspiegade.lv\/ru\/wp-json\/wp\/v2\/comments?post=22403"}],"version-history":[{"count":10,"href":"https:\/\/galaspiegade.lv\/ru\/wp-json\/wp\/v2\/pages\/22403\/revisions"}],"predecessor-version":[{"id":22508,"href":"https:\/\/galaspiegade.lv\/ru\/wp-json\/wp\/v2\/pages\/22403\/revisions\/22508"}],"wp:attachment":[{"href":"https:\/\/galaspiegade.lv\/ru\/wp-json\/wp\/v2\/media?parent=22403"}],"curies":[{"name":"wp","href":"https:\/\/api.w.org\/{rel}","templated":true}]}}