{"id":22430,"date":"2024-05-07T15:42:50","date_gmt":"2024-05-07T12:42:50","guid":{"rendered":"https:\/\/galaspiegade.lv\/?page_id=22430"},"modified":"2024-05-07T16:25:10","modified_gmt":"2024-05-07T13:25:10","slug":"kooperativa-statuti","status":"publish","type":"page","link":"https:\/\/galaspiegade.lv\/ru\/kooperativa-statuti\/","title":{"rendered":"\u0423\u0441\u0442\u0430\u0432 \u043a\u043e\u043e\u043f\u0435\u0440\u0430\u0442\u0438\u0432\u0430"},"content":{"rendered":"<div data-elementor-type=\"wp-page\" data-elementor-id=\"22430\" class=\"elementor elementor-22430\" data-elementor-post-type=\"page\">\n\t\t\t\t<div class=\"elementor-element elementor-element-33e2d1c e-flex e-con-boxed e-con e-parent\" data-id=\"33e2d1c\" data-element_type=\"container\" data-e-type=\"container\">\n\t\t\t\t\t<div class=\"e-con-inner\">\n\t\t\t\t<div class=\"elementor-element elementor-element-d449adf elementor-widget elementor-widget-heading\" data-id=\"d449adf\" data-element_type=\"widget\" data-e-type=\"widget\" data-widget_type=\"heading.default\">\n\t\t\t\t<div class=\"elementor-widget-container\">\n\t\t\t\t\t<h2 class=\"elementor-heading-title elementor-size-default\">KOOPERAT\u012aV\u0100S SABIEDR\u012aBAS\nLATVIJAS LIELLOPS\nSTAT\u016aTI\n<\/h2>\t\t\t\t<\/div>\n\t\t\t\t<\/div>\n\t\t\t\t<div class=\"elementor-element elementor-element-f8ec875 elementor-widget elementor-widget-text-editor\" data-id=\"f8ec875\" data-element_type=\"widget\" data-e-type=\"widget\" data-widget_type=\"text-editor.default\">\n\t\t\t\t<div class=\"elementor-widget-container\">\n\t\t\t\t\t\t\t\t\t<p><strong>1. Kooperat\u012bv\u0101s sabiedr\u012bbas nosaukums<\/strong><br \/>1.1. Sabiedr\u012bbas nosaukums ir kooperat\u012bv\u0101 sabiedr\u012bba LATVIJAS LIELLOPS (turpm\u0101k &#8211; Sabiedr\u012bba). Sabiedr\u012bba sav\u0101 darb\u012bb\u0101 lieto ar\u012b sa\u012bsin\u0101to Sabiedr\u012bbas nosaukumu, kas ir KS LATVIJAS LIELLOPS.<\/p><p><strong>2. Sabiedr\u012bbas darb\u012bbas m\u0113r\u0137i un uzdevumi<\/strong><br \/>2.1. Sabiedr\u012bbas m\u0113r\u0137is ir att\u012bst\u012bt Latvij\u0101 m\u0113r\u0137tiec\u012bgi audz\u0113tas, kvalitat\u012bvas liellopa ga\u013cas realiz\u0101cijas iesp\u0113jas, veicin\u0101t ga\u013cas \u0161\u0137ir\u0146u liellopu nobaro\u0161anu Latvij\u0101, izgl\u012btot Sabiedr\u012bbas biedrus liellopu nobaro\u0161an\u0101 un kvalitat\u012bvas ga\u013cas ra\u017eo\u0161an\u0101, samazin\u0101t Biedru saimniec\u012bb\u0101m pa\u0161izmaksu liellopu ga\u013cas ra\u017eo\u0161an\u0101, izgl\u012btot liellopa ga\u013cas pat\u0113r\u0113t\u0101jus Latvij\u0101, rad\u012bt pievienoto v\u0113rt\u012bbu ga\u013cas liellopu nozarei Latvij\u0101.<br \/>2.2. Sabiedr\u012bbas uzdevumi ir organiz\u0113t Biedru sara\u017eot\u0101s liellopa ga\u013cas pirmapstr\u0101di un realiz\u0101ciju gan viet\u0113jos, gan eksporta tirgos, nodro\u0161in\u0101t produkcijas lo\u0123istiku, organiz\u0113t Biedru apg\u0101di ar lauksaimniec\u012bbas ra\u017eo\u0161anai nepiecie\u0161amaj\u0101m izejviel\u0101m un ra\u017eo\u0161anas l\u012bdzek\u013ciem, nodro\u0161in\u0101t Biedriem nepiecie\u0161am\u0101s zin\u0101\u0161anas un\/vai speci\u0101listu konsult\u0101cijas liellopa ga\u013cas ra\u017eo\u0161an\u0101, nodro\u0161in\u0101t pieaugu\u0161o t\u0101l\u0101kizgl\u012bt\u012bbu, piesaist\u012bt l\u012bdzfinans\u0113jumu un<br \/>valsts atbalstu da\u017e\u0101du projektu un atbalsta programmu ietvaros.<\/p><p><strong>3. Sabiedr\u012bbas Biedri<\/strong><br \/>Par Sabiedr\u012bbas Biedru var b\u016bt fizisk\u0101s personas un Latvij\u0101 re\u0123istr\u0113tas juridisk\u0101s personas, kas nodarbojas ar ga\u013cas \u0161\u0137ir\u0146u un to krustojumu liellopu m\u0113r\u0137tiec\u012bgu<br \/>nobaro\u0161anu Latvij\u0101, izmantojot z\u0101les rupjo lopbar\u012bbu un gan\u012bbu aploku sist\u0113mas, nobaro vismaz 5 (piecus) liellopus gad\u0101 un nav Biedrs cit\u0101 Sabiedr\u012bb\u0101, kuras darb\u012bbas m\u0113r\u0137i ir l\u012bdz\u012bgi vai vien\u0101di ar Sabiedr\u012bbas darb\u012bbas m\u0113r\u0137iem.<\/p><p><strong>4. Biedru uz\u0146em\u0161anas<\/strong> <strong>noteikumi<\/strong><br \/>4.1. L\u0113mumu par Biedra uz\u0146em\u0161anu pie\u0146em kopsapulce.<br \/>4.2. Dien\u0101, kad kopsapulce izskata iesniegumu par Biedra uz\u0146em\u0161anu, j\u0101b\u016bt nok\u0101rtotiem Sabiedr\u012bbas Stat\u016btos paredz\u0113tajiem ar iest\u0101\u0161anos saist\u012btajiem maks\u0101jumiem.<br \/>4.3. Gad\u012bjum\u0101, ja l\u012bdz kopsapulcei, kuras laik\u0101 tiek skat\u012bts personas pieteikums, visi Sabiedr\u012bbas stat\u016btos paredz\u0113tie ar iest\u0101\u0161anos saist\u012btie maks\u0101jumi nav veikti, kopsapulce atsaka personai uz\u0146em\u0161anu Sabiedr\u012bb\u0101.<br \/>4.4. Ja kopsapulce pie\u0146em l\u0113mumu atteikt uz\u0146em\u0161anu, tad izdar\u012btie maks\u0101jumi atgrie\u017eami atpaka\u013c to maks\u0101t\u0101jam.<br \/>4.5. Sabiedr\u012bbas dibin\u0101t\u0101ji k\u013c\u016bst par t\u0101s biedriem ar br\u012bdi, kad Sabiedr\u012bba ir re\u0123istr\u0113ta Uz\u0146\u0113mumu re\u0123istra \u017eurn\u0101l\u0101. Dibin\u0101t\u0101ji autom\u0101tiski tiek ierakst\u012bti biedru re\u0123istr\u0101. Savuk\u0101rt p\u0113c dibin\u0101\u0161anas citas personas var k\u013c\u016bt par biedru tikai ar uz\u0146em\u0161anu (ierakst\u012b\u0161anu biedru re\u0123istr\u0101).<br \/>4.6. Persona, kas v\u0113las k\u013c\u016bt par biedru, iesniedz Sabiedr\u012bbai rakstveida pieteikumu, nor\u0101dot biedra uz\u0146em\u0161anai un biedru re\u0123istra ve\u0161anai nepiecie\u0161am\u0101s zi\u0146as, k\u0101 ar\u012b apmaks\u0101 vismaz vienu paju.<\/p><p><strong>5. Biedru izst\u0101\u0161an\u0101s un<\/strong> <strong>balssties\u012bbu zaud\u0113\u0161anas noteikumi<\/strong><br \/>5.1. L\u0113mumu par Biedra izsl\u0113g\u0161anu pie\u0146em kopsapulce.<br \/>5.2. Biedrs viena m\u0113ne\u0161a laik\u0101 no l\u0113muma sa\u0146em\u0161anas dienas, par kuru tiek uzskat\u012bta piekt\u0101 diena no l\u0113muma nos\u016bt\u012b\u0161anas dienas, var pras\u012bt jaut\u0101juma atk\u0101rtotu izskat\u012b\u0161anu n\u0101kamaj\u0101 biedru kopsapulc\u0113.<br \/>5.3. Ja personai atteikta uz\u0146em\u0161ana, sabiedr\u012bba piecu dienu laik\u0101 rakstveid\u0101 inform\u0113 pieteikuma iesniedz\u0113ju, nor\u0101dot atteikuma iemeslu. Pieteikuma iesniedz\u0113js viena (1) m\u0113ne\u0161a laik\u0101 no l\u0113muma pazi\u0146o\u0161anas dienas var pras\u012bt jaut\u0101juma izskat\u012b\u0161anu n\u0101kamaj\u0101 biedru kopsapulc\u0113.<\/p><p><strong>6. Biedru kopsapulce<\/strong><br \/>6.1. Sabiedr\u012bbas Biedru kopsapulces kompetenc\u0113 ir likum\u0101 noteiktie l\u0113mumi.<br \/>6.2. Pazi\u0146ojumu par Biedru kopsapulces sasauk\u0161anu valde rakstveid\u0101 dara zin\u0101mu visiem Biedriem vismaz 30 dienas pirms Biedru kopsapulces. Ja kopsapulces sasauk\u0161ana notiek elektroniski, tad \u0161is termi\u0146\u0161 ir 20 dienas.<br \/>6.3. Biedru kopsapulce ir ties\u012bga pie\u0146emt l\u0113mumus neatkar\u012bgi no taj\u0101 kl\u0101teso\u0161o Biedru skaita.<br \/>6.4. Biedru kopsapulce pie\u0146em l\u0113mumus ar kl\u0101teso\u0161o Biedru balsu vair\u0101kumu.<br \/>6.5. L\u0113mumu par groz\u012bjumu izdar\u012b\u0161anu stat\u016btos, sabiedr\u012bbas darb\u012bbas izbeig\u0161anu vai turpin\u0101\u0161anu un sabiedr\u012bbas reorganiz\u0101ciju pie\u0146em, ja par to balso ne maz\u0101k par trim ceturtda\u013c\u0101m kopsapulc\u0113 kl\u0101teso\u0161o Biedru.<br \/>6.6. Biedru kopsapulc\u0113 balso\u0161ana notiek atkl\u0101ti, iz\u0146emot gad\u012bjumu, kad aizkl\u0101tu balso\u0161anu pieprasa ne maz\u0101k k\u0101 viena desmitda\u013ca kl\u0101teso\u0161o balssties\u012bgo Biedru.<br \/>6.7. Biedri var pie\u0146emt l\u0113mumu bez Biedru kopsapulces sasauk\u0161anas likum\u0101 noteiktajos gad\u012bjumos un k\u0101rt\u012bb\u0101.<br \/>6.8. Biedram ir ties\u012bbas piedal\u012bties un balsot Biedru kopsapulc\u0113, izmantojot elektroniskos l\u012bdzek\u013cus.<br \/>6.9. Biedram ir ties\u012bbas balsot par Biedru kopsapulces darba k\u0101rt\u012bb\u0101 iek\u013cautajiem jaut\u0101jumiem pirms Biedru kopsapulces, savu balsojumu sabiedr\u012bbai nos\u016btot ne agr\u0101k k\u0101 10 dienas pirms Biedru kopsapulces.<\/p><p><strong>7. Sabiedr\u012bbas valde<\/strong><br \/>7.1. Sabiedr\u012bbas valde sast\u0101v no valdes priek\u0161s\u0113d\u0113t\u0101ja un diviem valdes locek\u013ciem, kurus uz pieciem gadiem iev\u0113l\u0113 Sabiedr\u012bbas kopsapulce.<br \/>7.2. Valdes locek\u013ci p\u0101rst\u0101v Sabiedr\u012bbu vismaz divu valdes locek\u013cu sast\u0101v\u0101, valdes priek\u0161s\u0113d\u0113t\u0101js p\u0101rst\u0101v Sabiedr\u012bbu atsevi\u0161\u0137i.<\/p><p><strong>8. Sabiedr\u012bbas pamatkapit\u0101ls<\/strong><br \/>8.1. Sabiedr\u012bbas minim\u0101lais pamatkapit\u0101ls ir 11 000 EUR.<br \/>8.2. Vienas pajas nomin\u0101lv\u0113rt\u012bba ir 1000 EUR.<br \/>8.3. Katram Sabiedr\u012bbas Biedram ir vismaz viena paja.<br \/>8.4. Biedra maksim\u0101lais paju skaits nav ierobe\u017eots.<\/p><p><strong>9. Sabiedr\u012bbas pe\u013c\u0146a<\/strong><br \/>9.1.Biedram izmaks\u0101jam\u0101s pe\u013c\u0146as da\u013cu nosaka proporcion\u0101li t\u0101 izmantoto Sabiedr\u012bbas pakalpojumu apjomam, \u0146emot v\u0113r\u0101 Biedra pieg\u0101d\u0101to liellopa ga\u013cas produkciju attiec\u012bgaj\u0101 saimniecisk\u0101s darb\u012bbas gad\u0101 (eiro, vadoties p\u0113c cen\u0101m, par k\u0101d\u0101m Biedrs pieg\u0101d\u0101jis liellopa ga\u013cu).<\/p><p><strong>10. Iest\u0101\u0161an\u0101s nauda<\/strong><br \/>10.1. Iest\u0101\u0161an\u0101s maksas apm\u0113rs tiek noteikts 1000 eiro apm\u0113r\u0101.<\/p>\t\t\t\t\t\t\t\t<\/div>\n\t\t\t\t<\/div>\n\t\t\t\t\t<\/div>\n\t\t\t\t<\/div>\n\t\t\t\t<\/div>","protected":false},"excerpt":{"rendered":"<p>KOOPERAT\u012aV\u0100S SABIEDR\u012aBAS LATVIJAS LIELLOPS STAT\u016aTI 1. Kooperat\u012bv\u0101s sabiedr\u012bbas nosaukums1.1. Sabiedr\u012bbas nosaukums ir kooperat\u012bv\u0101 sabiedr\u012bba LATVIJAS LIELLOPS (turpm\u0101k &#8211; Sabiedr\u012bba). Sabiedr\u012bba sav\u0101 darb\u012bb\u0101 lieto ar\u012b sa\u012bsin\u0101to Sabiedr\u012bbas nosaukumu, kas ir KS LATVIJAS LIELLOPS. 2. Sabiedr\u012bbas darb\u012bbas m\u0113r\u0137i un uzdevumi2.1. Sabiedr\u012bbas m\u0113r\u0137is ir att\u012bst\u012bt Latvij\u0101 m\u0113r\u0137tiec\u012bgi audz\u0113tas, kvalitat\u012bvas liellopa ga\u013cas realiz\u0101cijas iesp\u0113jas, veicin\u0101t ga\u013cas \u0161\u0137ir\u0146u liellopu nobaro\u0161anu Latvij\u0101, izgl\u012btot Sabiedr\u012bbas biedrus liellopu nobaro\u0161an\u0101 un kvalitat\u012bvas ga\u013cas ra\u017eo\u0161an\u0101, samazin\u0101t Biedru saimniec\u012bb\u0101m pa\u0161izmaksu liellopu ga\u013cas ra\u017eo\u0161an\u0101, izgl\u012btot liellopa ga\u013cas pat\u0113r\u0113t\u0101jus Latvij\u0101, rad\u012bt pievienoto v\u0113rt\u012bbu ga\u013cas liellopu nozarei Latvij\u0101.2.2. Sabiedr\u012bbas uzdevumi ir organiz\u0113t Biedru sara\u017eot\u0101s liellopa ga\u013cas pirmapstr\u0101di un realiz\u0101ciju gan viet\u0113jos, gan eksporta tirgos, nodro\u0161in\u0101t produkcijas lo\u0123istiku, organiz\u0113t Biedru apg\u0101di ar lauksaimniec\u012bbas ra\u017eo\u0161anai nepiecie\u0161amaj\u0101m izejviel\u0101m un ra\u017eo\u0161anas l\u012bdzek\u013ciem, nodro\u0161in\u0101t Biedriem nepiecie\u0161am\u0101s zin\u0101\u0161anas un\/vai speci\u0101listu konsult\u0101cijas liellopa ga\u013cas ra\u017eo\u0161an\u0101, nodro\u0161in\u0101t pieaugu\u0161o t\u0101l\u0101kizgl\u012bt\u012bbu, piesaist\u012bt l\u012bdzfinans\u0113jumu unvalsts atbalstu da\u017e\u0101du projektu un atbalsta programmu ietvaros. 3. Sabiedr\u012bbas BiedriPar Sabiedr\u012bbas Biedru var b\u016bt fizisk\u0101s personas un Latvij\u0101 re\u0123istr\u0113tas juridisk\u0101s personas, kas nodarbojas ar ga\u013cas \u0161\u0137ir\u0146u un to krustojumu liellopu m\u0113r\u0137tiec\u012bgunobaro\u0161anu Latvij\u0101, izmantojot z\u0101les rupjo lopbar\u012bbu un gan\u012bbu aploku sist\u0113mas, nobaro vismaz 5 (piecus) liellopus gad\u0101 un nav Biedrs cit\u0101 Sabiedr\u012bb\u0101, kuras darb\u012bbas m\u0113r\u0137i ir l\u012bdz\u012bgi vai vien\u0101di ar Sabiedr\u012bbas darb\u012bbas m\u0113r\u0137iem. 4. Biedru uz\u0146em\u0161anas noteikumi4.1. L\u0113mumu par Biedra uz\u0146em\u0161anu pie\u0146em kopsapulce.4.2. Dien\u0101, kad kopsapulce izskata iesniegumu par Biedra uz\u0146em\u0161anu, j\u0101b\u016bt nok\u0101rtotiem Sabiedr\u012bbas Stat\u016btos paredz\u0113tajiem ar iest\u0101\u0161anos saist\u012btajiem maks\u0101jumiem.4.3. Gad\u012bjum\u0101, ja l\u012bdz kopsapulcei, kuras laik\u0101 tiek skat\u012bts personas pieteikums, visi Sabiedr\u012bbas stat\u016btos paredz\u0113tie ar iest\u0101\u0161anos saist\u012btie maks\u0101jumi nav veikti, kopsapulce atsaka personai uz\u0146em\u0161anu Sabiedr\u012bb\u0101.4.4. Ja kopsapulce pie\u0146em l\u0113mumu atteikt uz\u0146em\u0161anu, tad izdar\u012btie maks\u0101jumi atgrie\u017eami atpaka\u013c to maks\u0101t\u0101jam.4.5. Sabiedr\u012bbas dibin\u0101t\u0101ji k\u013c\u016bst par t\u0101s biedriem ar br\u012bdi, kad Sabiedr\u012bba ir re\u0123istr\u0113ta Uz\u0146\u0113mumu re\u0123istra \u017eurn\u0101l\u0101. Dibin\u0101t\u0101ji autom\u0101tiski tiek ierakst\u012bti biedru re\u0123istr\u0101. Savuk\u0101rt p\u0113c dibin\u0101\u0161anas citas personas var k\u013c\u016bt par biedru tikai ar uz\u0146em\u0161anu (ierakst\u012b\u0161anu biedru re\u0123istr\u0101).4.6. Persona, kas v\u0113las k\u013c\u016bt par biedru, iesniedz Sabiedr\u012bbai rakstveida pieteikumu, nor\u0101dot biedra uz\u0146em\u0161anai un biedru re\u0123istra ve\u0161anai nepiecie\u0161am\u0101s zi\u0146as, k\u0101 ar\u012b apmaks\u0101 vismaz vienu paju. 5. Biedru izst\u0101\u0161an\u0101s un balssties\u012bbu zaud\u0113\u0161anas noteikumi5.1. L\u0113mumu par Biedra izsl\u0113g\u0161anu pie\u0146em kopsapulce.5.2. Biedrs viena m\u0113ne\u0161a laik\u0101 no l\u0113muma sa\u0146em\u0161anas dienas, par kuru tiek uzskat\u012bta piekt\u0101 diena no l\u0113muma nos\u016bt\u012b\u0161anas dienas, var pras\u012bt jaut\u0101juma atk\u0101rtotu izskat\u012b\u0161anu n\u0101kamaj\u0101 biedru kopsapulc\u0113.5.3. Ja personai atteikta uz\u0146em\u0161ana, sabiedr\u012bba piecu dienu laik\u0101 rakstveid\u0101 inform\u0113 pieteikuma iesniedz\u0113ju, nor\u0101dot atteikuma iemeslu. Pieteikuma iesniedz\u0113js viena (1) m\u0113ne\u0161a laik\u0101 no l\u0113muma pazi\u0146o\u0161anas dienas var pras\u012bt jaut\u0101juma izskat\u012b\u0161anu n\u0101kamaj\u0101 biedru kopsapulc\u0113. 6. Biedru kopsapulce6.1. Sabiedr\u012bbas Biedru kopsapulces kompetenc\u0113 ir likum\u0101 noteiktie l\u0113mumi.6.2. Pazi\u0146ojumu par Biedru kopsapulces sasauk\u0161anu valde rakstveid\u0101 dara zin\u0101mu visiem Biedriem vismaz 30 dienas pirms Biedru kopsapulces. Ja kopsapulces sasauk\u0161ana notiek elektroniski, tad \u0161is termi\u0146\u0161 ir 20 dienas.6.3. Biedru kopsapulce ir ties\u012bga pie\u0146emt l\u0113mumus neatkar\u012bgi no taj\u0101 kl\u0101teso\u0161o Biedru skaita.6.4. Biedru kopsapulce pie\u0146em l\u0113mumus ar kl\u0101teso\u0161o Biedru balsu vair\u0101kumu.6.5. L\u0113mumu par groz\u012bjumu izdar\u012b\u0161anu stat\u016btos, sabiedr\u012bbas darb\u012bbas izbeig\u0161anu vai turpin\u0101\u0161anu un sabiedr\u012bbas reorganiz\u0101ciju pie\u0146em, ja par to balso ne maz\u0101k par trim ceturtda\u013c\u0101m kopsapulc\u0113 kl\u0101teso\u0161o Biedru.6.6. Biedru kopsapulc\u0113 balso\u0161ana notiek atkl\u0101ti, iz\u0146emot gad\u012bjumu, kad aizkl\u0101tu balso\u0161anu pieprasa ne maz\u0101k k\u0101 viena desmitda\u013ca kl\u0101teso\u0161o balssties\u012bgo Biedru.6.7. Biedri var pie\u0146emt l\u0113mumu bez Biedru kopsapulces sasauk\u0161anas likum\u0101 noteiktajos gad\u012bjumos un k\u0101rt\u012bb\u0101.6.8. Biedram ir ties\u012bbas piedal\u012bties un balsot Biedru kopsapulc\u0113, izmantojot elektroniskos l\u012bdzek\u013cus.6.9. Biedram ir ties\u012bbas balsot par Biedru kopsapulces darba k\u0101rt\u012bb\u0101 iek\u013cautajiem jaut\u0101jumiem pirms Biedru kopsapulces, savu balsojumu sabiedr\u012bbai nos\u016btot ne agr\u0101k k\u0101 10 dienas pirms Biedru kopsapulces. 7. Sabiedr\u012bbas valde7.1. Sabiedr\u012bbas valde sast\u0101v no valdes priek\u0161s\u0113d\u0113t\u0101ja un diviem valdes locek\u013ciem, kurus uz pieciem gadiem iev\u0113l\u0113 Sabiedr\u012bbas kopsapulce.7.2. Valdes locek\u013ci p\u0101rst\u0101v Sabiedr\u012bbu vismaz divu valdes locek\u013cu sast\u0101v\u0101, valdes priek\u0161s\u0113d\u0113t\u0101js p\u0101rst\u0101v Sabiedr\u012bbu atsevi\u0161\u0137i. 8. Sabiedr\u012bbas pamatkapit\u0101ls8.1. Sabiedr\u012bbas minim\u0101lais pamatkapit\u0101ls ir 11 000 EUR.8.2. Vienas pajas nomin\u0101lv\u0113rt\u012bba ir 1000 EUR.8.3. Katram Sabiedr\u012bbas Biedram ir vismaz viena paja.8.4. Biedra maksim\u0101lais paju skaits nav ierobe\u017eots. 9. Sabiedr\u012bbas pe\u013c\u0146a9.1.Biedram izmaks\u0101jam\u0101s pe\u013c\u0146as da\u013cu nosaka proporcion\u0101li t\u0101 izmantoto Sabiedr\u012bbas pakalpojumu apjomam, \u0146emot v\u0113r\u0101 Biedra pieg\u0101d\u0101to liellopa ga\u013cas produkciju attiec\u012bgaj\u0101 saimniecisk\u0101s darb\u012bbas gad\u0101 (eiro, vadoties p\u0113c cen\u0101m, par k\u0101d\u0101m Biedrs pieg\u0101d\u0101jis liellopa ga\u013cu). 10. Iest\u0101\u0161an\u0101s nauda10.1. Iest\u0101\u0161an\u0101s maksas apm\u0113rs tiek noteikts 1000 eiro apm\u0113r\u0101.<\/p>","protected":false},"author":563,"featured_media":0,"parent":0,"menu_order":0,"comment_status":"closed","ping_status":"closed","template":"","meta":{"footnotes":""},"class_list":["post-22430","page","type-page","status-publish","hentry","post-no-thumbnail"],"jetpack_sharing_enabled":true,"_links":{"self":[{"href":"https:\/\/galaspiegade.lv\/ru\/wp-json\/wp\/v2\/pages\/22430","targetHints":{"allow":["GET"]}}],"collection":[{"href":"https:\/\/galaspiegade.lv\/ru\/wp-json\/wp\/v2\/pages"}],"about":[{"href":"https:\/\/galaspiegade.lv\/ru\/wp-json\/wp\/v2\/types\/page"}],"author":[{"embeddable":true,"href":"https:\/\/galaspiegade.lv\/ru\/wp-json\/wp\/v2\/users\/563"}],"replies":[{"embeddable":true,"href":"https:\/\/galaspiegade.lv\/ru\/wp-json\/wp\/v2\/comments?post=22430"}],"version-history":[{"count":13,"href":"https:\/\/galaspiegade.lv\/ru\/wp-json\/wp\/v2\/pages\/22430\/revisions"}],"predecessor-version":[{"id":22467,"href":"https:\/\/galaspiegade.lv\/ru\/wp-json\/wp\/v2\/pages\/22430\/revisions\/22467"}],"wp:attachment":[{"href":"https:\/\/galaspiegade.lv\/ru\/wp-json\/wp\/v2\/media?parent=22430"}],"curies":[{"name":"wp","href":"https:\/\/api.w.org\/{rel}","templated":true}]}}