{"id":4182,"date":"2015-06-20T16:11:19","date_gmt":"2015-06-20T13:11:19","guid":{"rendered":"https:\/\/galaspiegade.lv\/?page_id=4182"},"modified":"2025-08-02T11:22:05","modified_gmt":"2025-08-02T08:22:05","slug":"piegade","status":"publish","type":"page","link":"https:\/\/galaspiegade.lv\/ru\/piegade\/","title":{"rendered":"\u0418\u041d\u0424\u041e\u0420\u041c\u0410\u0426\u0418\u042f \u041e \u0414\u041e\u0421\u0422\u0410\u0412\u041a\u0415:"},"content":{"rendered":"<p>Kooperat\u012bvs Latvijas Liellops produktu pieg\u0101des ir <strong>P\u0100RTRAUCIS!<\/strong><\/p>\n<p>&nbsp;<\/p>\n<p>Pateicamies par J\u016bsu sapratni!<\/p>","protected":false},"excerpt":{"rendered":"<p>Kooperat\u012bvs Latvijas Liellops produktu pieg\u0101des ir P\u0100RTRAUCIS! &nbsp; Pateicamies par J\u016bsu sapratni!<\/p>","protected":false},"author":563,"featured_media":0,"parent":0,"menu_order":0,"comment_status":"closed","ping_status":"closed","template":"","meta":{"footnotes":""},"class_list":["post-4182","page","type-page","status-publish","hentry","post-no-thumbnail"],"jetpack_sharing_enabled":true,"_links":{"self":[{"href":"https:\/\/galaspiegade.lv\/ru\/wp-json\/wp\/v2\/pages\/4182","targetHints":{"allow":["GET"]}}],"collection":[{"href":"https:\/\/galaspiegade.lv\/ru\/wp-json\/wp\/v2\/pages"}],"about":[{"href":"https:\/\/galaspiegade.lv\/ru\/wp-json\/wp\/v2\/types\/page"}],"author":[{"embeddable":true,"href":"https:\/\/galaspiegade.lv\/ru\/wp-json\/wp\/v2\/users\/563"}],"replies":[{"embeddable":true,"href":"https:\/\/galaspiegade.lv\/ru\/wp-json\/wp\/v2\/comments?post=4182"}],"version-history":[{"count":29,"href":"https:\/\/galaspiegade.lv\/ru\/wp-json\/wp\/v2\/pages\/4182\/revisions"}],"predecessor-version":[{"id":24041,"href":"https:\/\/galaspiegade.lv\/ru\/wp-json\/wp\/v2\/pages\/4182\/revisions\/24041"}],"wp:attachment":[{"href":"https:\/\/galaspiegade.lv\/ru\/wp-json\/wp\/v2\/media?parent=4182"}],"curies":[{"name":"wp","href":"https:\/\/api.w.org\/{rel}","templated":true}]}}