{"id":18046,"date":"2021-05-31T20:16:21","date_gmt":"2021-05-31T17:16:21","guid":{"rendered":"https:\/\/galaspiegade.lv\/?post_type=product&#038;p=18046"},"modified":"2025-01-30T10:26:22","modified_gmt":"2025-01-30T08:26:22","slug":"gulasa-gabalini","status":"publish","type":"product","link":"https:\/\/galaspiegade.lv\/ru\/prece\/gulasa-gabalini\/","title":{"rendered":"\u041a\u0443\u0441\u043e\u0447\u043a\u0438 \u0433\u0443\u043b\u044f\u0448\u0430"},"content":{"rendered":"<p>\u0412\u044b\u0431\u0440\u0430\u0432 \u043a\u0443\u0441\u043e\u0447\u043a\u0438 \u0433\u0443\u043b\u044f\u0448\u0430 \u0438\u0437 \u0433\u043e\u0432\u044f\u0434\u0438\u043d\u044b, \u0432\u044b \u0441\u043c\u043e\u0436\u0435\u0442\u0435 \u043f\u0440\u0438\u0441\u0442\u0443\u043f\u0438\u0442\u044c \u043a \u043f\u0440\u0438\u0433\u043e\u0442\u043e\u0432\u043b\u0435\u043d\u0438\u044e \u0438\u0434\u0435\u0430\u043b\u044c\u043d\u043e\u0433\u043e \u0433\u0443\u043b\u044f\u0448\u0430 \u0438\u043b\u0438 \u0441\u0442\u0440\u043e\u0433\u0430\u043d\u043e\u0432\u0430.<\/p>\n<hr \/>\n<p>Garda recepte gula\u0161a gabali\u0146u pagatavo\u0161anai pieejama te &#8211; <strong><span style=\"color: #339966;\"><a style=\"color: #339966;\" href=\"https:\/\/galaspiegade.lv\/ru\/leni-gatavota-liellopa-gala\/\">\u0413\u043e\u0432\u044f\u0434\u0438\u043d\u0430, \u043f\u0440\u0438\u0433\u043e\u0442\u043e\u0432\u043b\u0435\u043d\u043d\u0430\u044f \u043d\u0430 \u043c\u0435\u0434\u043b\u0435\u043d\u043d\u043e\u043c \u043e\u0433\u043d\u0435<\/a><\/span><\/strong>.<\/p>","protected":false},"excerpt":{"rendered":"<p>Izv\u0113loties liellopa gula\u0161a gabali\u0146us, J\u016bs var\u0113siet veikli \u0137erties pie izcila gula\u0161a vai stroganova pagatavo\u0161anas. Garda recepte gula\u0161a gabali\u0146u pagatavo\u0161anai pieejama te &#8211; L\u0113ni gatavota liellopa ga\u013ca.<\/p>","protected":false},"featured_media":20271,"template":"","meta":[],"product_brand":[],"product_cat":[134],"product_tag":[260],"class_list":{"0":"post-18046","1":"product","2":"type-product","3":"status-publish","4":"has-post-thumbnail","6":"product_cat-liellopa-gala","7":"product_tag-pieejamsbio","9":"first","10":"outofstock","11":"taxable","12":"shipping-taxable","13":"product-type-simple"},"jetpack_sharing_enabled":true,"_links":{"self":[{"href":"https:\/\/galaspiegade.lv\/ru\/wp-json\/wp\/v2\/product\/18046","targetHints":{"allow":["GET"]}}],"collection":[{"href":"https:\/\/galaspiegade.lv\/ru\/wp-json\/wp\/v2\/product"}],"about":[{"href":"https:\/\/galaspiegade.lv\/ru\/wp-json\/wp\/v2\/types\/product"}],"version-history":[{"count":4,"href":"https:\/\/galaspiegade.lv\/ru\/wp-json\/wp\/v2\/product\/18046\/revisions"}],"predecessor-version":[{"id":23519,"href":"https:\/\/galaspiegade.lv\/ru\/wp-json\/wp\/v2\/product\/18046\/revisions\/23519"}],"wp:featuredmedia":[{"embeddable":true,"href":"https:\/\/galaspiegade.lv\/ru\/wp-json\/wp\/v2\/media\/20271"}],"wp:attachment":[{"href":"https:\/\/galaspiegade.lv\/ru\/wp-json\/wp\/v2\/media?parent=18046"}],"wp:term":[{"taxonomy":"product_brand","embeddable":true,"href":"https:\/\/galaspiegade.lv\/ru\/wp-json\/wp\/v2\/product_brand?post=18046"},{"taxonomy":"product_cat","embeddable":true,"href":"https:\/\/galaspiegade.lv\/ru\/wp-json\/wp\/v2\/product_cat?post=18046"},{"taxonomy":"product_tag","embeddable":true,"href":"https:\/\/galaspiegade.lv\/ru\/wp-json\/wp\/v2\/product_tag?post=18046"}],"curies":[{"name":"wp","href":"https:\/\/api.w.org\/{rel}","templated":true}]}}