{"id":18054,"date":"2021-05-31T20:23:30","date_gmt":"2021-05-31T17:23:30","guid":{"rendered":"https:\/\/galaspiegade.lv\/?post_type=product&#038;p=18054"},"modified":"2025-01-30T10:25:49","modified_gmt":"2025-01-30T08:25:49","slug":"saldetas-liellopa-ribas","status":"publish","type":"product","link":"https:\/\/galaspiegade.lv\/ru\/prece\/saldetas-liellopa-ribas\/","title":{"rendered":"\u0413\u043e\u0432\u044f\u0436\u044c\u0435 \u0440\u0435\u0431\u0440\u043e"},"content":{"rendered":"<p>\u0420\u0435\u0431\u0440\u0430 \u0440\u0430\u0441\u043f\u043e\u043b\u043e\u0436\u0435\u043d\u044b \u0432 \u0432\u0435\u0440\u0445\u043d\u0435\u0439 \u0447\u0430\u0441\u0442\u0438 \u0441\u043f\u0438\u043d\u044b \u043a\u0440\u0443\u043f\u043d\u043e\u0433\u043e \u0440\u043e\u0433\u0430\u0442\u043e\u0433\u043e \u0441\u043a\u043e\u0442\u0430, \u0431\u043b\u0438\u0436\u0435 \u043a \u043f\u043b\u0435\u0447\u0435\u0432\u043e\u043c\u0443 \u043f\u043e\u044f\u0441\u0443.<br \/>\n\u0420\u0435\u0431\u0440\u044b\u0448\u043a\u0438 \u043f\u0440\u0435\u0434\u043d\u0430\u0437\u043d\u0430\u0447\u0435\u043d\u044b \u0434\u043b\u044f \u043c\u0435\u0434\u043b\u0435\u043d\u043d\u043e\u0433\u043e \u043f\u0440\u0438\u0433\u043e\u0442\u043e\u0432\u043b\u0435\u043d\u0438\u044f \u043d\u0430 \u0433\u0440\u0438\u043b\u0435, \u043a\u043e\u043f\u0447\u0435\u043d\u0438\u044f \u0438\u043b\u0438 \u0442\u0443\u0448\u0435\u043d\u0438\u044f.<\/p>\n<p>\u0418\u0434\u0435\u044e \u0438\u0445 \u0438\u0437\u0433\u043e\u0442\u043e\u0432\u043b\u0435\u043d\u0438\u044f \u043c\u043e\u0436\u043d\u043e \u043f\u043e\u0441\u043c\u043e\u0442\u0440\u0435\u0442\u044c \u0437\u0434\u0435\u0441\u044c: https:\/\/fb.watch\/8AM4HUJsZR\/.<\/p>","protected":false},"excerpt":{"rendered":"<p>Liellopa ribas atrodas liellopa muguras aug\u0161\u0113j\u0101 da\u013c\u0101, tuv\u0101k plecu joslai. Ribi\u0146as ir paredz\u0113tas l\u0113nai gatavo\u0161anai gril\u0113jot, k\u016bpinot, vai saut\u0113jot. Ideja to pagatavo\u0161anai skat\u0101ma \u0161eit: https:\/\/fb.watch\/8AM4HUJsZR\/<\/p>","protected":false},"featured_media":23405,"template":"","meta":[],"product_brand":[],"product_cat":[134],"product_tag":[183,260,185,184],"class_list":{"0":"post-18054","1":"product","2":"type-product","3":"status-publish","4":"has-post-thumbnail","6":"product_cat-liellopa-gala","7":"product_tag-liellopa-ribas","8":"product_tag-pieejamsbio","9":"product_tag-ribas","10":"product_tag-ribs","12":"first","13":"outofstock","14":"taxable","15":"shipping-taxable","16":"product-type-simple"},"jetpack_sharing_enabled":true,"_links":{"self":[{"href":"https:\/\/galaspiegade.lv\/ru\/wp-json\/wp\/v2\/product\/18054","targetHints":{"allow":["GET"]}}],"collection":[{"href":"https:\/\/galaspiegade.lv\/ru\/wp-json\/wp\/v2\/product"}],"about":[{"href":"https:\/\/galaspiegade.lv\/ru\/wp-json\/wp\/v2\/types\/product"}],"version-history":[{"count":4,"href":"https:\/\/galaspiegade.lv\/ru\/wp-json\/wp\/v2\/product\/18054\/revisions"}],"predecessor-version":[{"id":23514,"href":"https:\/\/galaspiegade.lv\/ru\/wp-json\/wp\/v2\/product\/18054\/revisions\/23514"}],"wp:featuredmedia":[{"embeddable":true,"href":"https:\/\/galaspiegade.lv\/ru\/wp-json\/wp\/v2\/media\/23405"}],"wp:attachment":[{"href":"https:\/\/galaspiegade.lv\/ru\/wp-json\/wp\/v2\/media?parent=18054"}],"wp:term":[{"taxonomy":"product_brand","embeddable":true,"href":"https:\/\/galaspiegade.lv\/ru\/wp-json\/wp\/v2\/product_brand?post=18054"},{"taxonomy":"product_cat","embeddable":true,"href":"https:\/\/galaspiegade.lv\/ru\/wp-json\/wp\/v2\/product_cat?post=18054"},{"taxonomy":"product_tag","embeddable":true,"href":"https:\/\/galaspiegade.lv\/ru\/wp-json\/wp\/v2\/product_tag?post=18054"}],"curies":[{"name":"wp","href":"https:\/\/api.w.org\/{rel}","templated":true}]}}