{"id":18058,"date":"2021-05-31T20:25:44","date_gmt":"2021-05-31T17:25:44","guid":{"rendered":"https:\/\/galaspiegade.lv\/?post_type=product&#038;p=18058"},"modified":"2025-01-30T10:25:42","modified_gmt":"2025-01-30T08:25:42","slug":"liellopa-malta-gala-15","status":"publish","type":"product","link":"https:\/\/galaspiegade.lv\/ru\/prece\/liellopa-malta-gala-15\/","title":{"rendered":"\u041c\u044f\u0441\u043d\u043e\u0439 \u0444\u0430\u0440\u0448 \u0438\u0437 \u043a\u0440\u0443\u043f\u043d\u043e\u0433\u043e \u0440\u043e\u0433\u0430\u0442\u043e\u0433\u043e \u0441\u043a\u043e\u0442\u0430"},"content":{"rendered":"<p>Liellopa malt\u0101s ga\u013cas ra\u017eo\u0161anai pamat\u0101 izmantojam liellopa pav\u0113deres un kakla da\u013cu. Pied\u0101v\u0101jam divu veidu malt\u0101s ga\u013cas &#8211; \u0161\u012b ir ar 15% tauku saturu, lai cep\u0161anas gala rezult\u0101ts b\u016btu sul\u012bg\u0101ks un gar\u0161\u0101m bag\u0101t\u0101ks.<\/p>\n<p>Liellopa malto ga\u013cu fas\u0113jam 0.5 un 1kg iepakojumos.<\/p>\n<hr \/>\n<p>Spiediet <span style=\"color: #339966;\"><strong><a style=\"color: #339966;\" href=\"https:\/\/galaspiegade.lv\/ru\/liellopa-galas-kotletites\/\">\u0161eit<\/a><\/strong><\/span>, lai apskat\u012btu recepti gardu liellopa ga\u013cas kotlet\u012b\u0161u pagatavo\u0161anai un <strong><span style=\"color: #339966;\"><a style=\"color: #339966;\" href=\"https:\/\/galaspiegade.lv\/ru\/liellopa-galas-kotletes-ar-ricottas-sieru\/\">\u0161eit<\/a><\/span><\/strong> &#8211; recepti maigu liellopa ga\u013cas kotle\u0161u ar Ricottas sieru pagatavo\u0161anai.<\/p>\n<p>Recepte d\u0101rze\u0146u sat\u0113 ar malto ga\u013cu pieejama <a href=\"https:\/\/galaspiegade.lv\/ru\/darzenu_sate\/\"><strong><span style=\"color: #339966;\">\u0161eit<\/span><\/strong><\/a>.<\/p>","protected":false},"excerpt":{"rendered":"<p>Liellopa malt\u0101s ga\u013cas ra\u017eo\u0161anai pamat\u0101 izmantojam liellopa pav\u0113deres un kakla da\u013cu. Pied\u0101v\u0101jam divu veidu malt\u0101s ga\u013cas &#8211; \u0161\u012b ir ar 15% tauku saturu, lai cep\u0161anas gala rezult\u0101ts b\u016btu sul\u012bg\u0101ks un gar\u0161\u0101m bag\u0101t\u0101ks. Liellopa malto ga\u013cu fas\u0113jam 0.5 un 1kg iepakojumos. Spiediet \u0161eit, lai apskat\u012btu recepti gardu liellopa ga\u013cas kotlet\u012b\u0161u pagatavo\u0161anai un \u0161eit &#8211; recepti maigu liellopa ga\u013cas kotle\u0161u ar Ricottas sieru pagatavo\u0161anai. Recepte d\u0101rze\u0146u sat\u0113 ar malto ga\u013cu pieejama \u0161eit.<\/p>","protected":false},"featured_media":20276,"template":"","meta":[],"product_brand":[],"product_cat":[134],"product_tag":[181,178,179,180,260],"class_list":{"0":"post-18058","1":"product","2":"type-product","3":"status-publish","4":"has-post-thumbnail","6":"product_cat-liellopa-gala","7":"product_tag-beef-meat","8":"product_tag-liellopa-malta-gala","9":"product_tag-malta-gala","10":"product_tag-minced-meat","11":"product_tag-pieejamsbio","13":"first","14":"outofstock","15":"taxable","16":"shipping-taxable","17":"product-type-simple"},"jetpack_sharing_enabled":true,"_links":{"self":[{"href":"https:\/\/galaspiegade.lv\/ru\/wp-json\/wp\/v2\/product\/18058","targetHints":{"allow":["GET"]}}],"collection":[{"href":"https:\/\/galaspiegade.lv\/ru\/wp-json\/wp\/v2\/product"}],"about":[{"href":"https:\/\/galaspiegade.lv\/ru\/wp-json\/wp\/v2\/types\/product"}],"version-history":[{"count":4,"href":"https:\/\/galaspiegade.lv\/ru\/wp-json\/wp\/v2\/product\/18058\/revisions"}],"predecessor-version":[{"id":23513,"href":"https:\/\/galaspiegade.lv\/ru\/wp-json\/wp\/v2\/product\/18058\/revisions\/23513"}],"wp:featuredmedia":[{"embeddable":true,"href":"https:\/\/galaspiegade.lv\/ru\/wp-json\/wp\/v2\/media\/20276"}],"wp:attachment":[{"href":"https:\/\/galaspiegade.lv\/ru\/wp-json\/wp\/v2\/media?parent=18058"}],"wp:term":[{"taxonomy":"product_brand","embeddable":true,"href":"https:\/\/galaspiegade.lv\/ru\/wp-json\/wp\/v2\/product_brand?post=18058"},{"taxonomy":"product_cat","embeddable":true,"href":"https:\/\/galaspiegade.lv\/ru\/wp-json\/wp\/v2\/product_cat?post=18058"},{"taxonomy":"product_tag","embeddable":true,"href":"https:\/\/galaspiegade.lv\/ru\/wp-json\/wp\/v2\/product_tag?post=18058"}],"curies":[{"name":"wp","href":"https:\/\/api.w.org\/{rel}","templated":true}]}}