{"id":18151,"date":"2021-06-13T10:30:53","date_gmt":"2021-06-13T07:30:53","guid":{"rendered":"https:\/\/galaspiegade.lv\/?post_type=product&#038;p=18151"},"modified":"2025-01-30T10:23:55","modified_gmt":"2025-01-30T08:23:55","slug":"filejas-medaljoni","status":"publish","type":"product","link":"https:\/\/galaspiegade.lv\/ru\/prece\/filejas-medaljoni\/","title":{"rendered":"\u041c\u0435\u0434\u0430\u043b\u044c\u043e\u043d\u044b \u0432 \u0424\u0438\u043b\u0430\u0434\u0435\u043b\u044c\u0444\u0438\u0438"},"content":{"rendered":"<p>Filejas medaljoni ir filejas gabala steiki, sagriezti cep\u0161anai gatavos gabali\u0146os. Vien\u0101 iepakojum\u0101 ir divi medaljoni, abi kop\u0101 ap 0.30-0.40kg smagi.<\/p>\n<p>Atliek uzb\u0113rt s\u0101li un piparus, un likt uz grila. Fileja nekad nepievi\u013c!<\/p>","protected":false},"excerpt":{"rendered":"<p>Filejas medaljoni ir filejas gabala steiki, sagriezti cep\u0161anai gatavos gabali\u0146os. Vien\u0101 iepakojum\u0101 ir divi medaljoni, abi kop\u0101 ap 0.30-0.40kg smagi. Atliek uzb\u0113rt s\u0101li un piparus, un likt uz grila. Fileja nekad nepievi\u013c!<\/p>","protected":false},"featured_media":18150,"template":"","meta":[],"product_brand":[],"product_cat":[134],"product_tag":[155,154,153,152,260],"class_list":{"0":"post-18151","1":"product","2":"type-product","3":"status-publish","4":"has-post-thumbnail","6":"product_cat-liellopa-gala","7":"product_tag-fileja","8":"product_tag-filejas-medaljons","9":"product_tag-filet-mignon","10":"product_tag-liellopa-fileja","11":"product_tag-pieejamsbio","13":"first","14":"outofstock","15":"taxable","16":"shipping-taxable","17":"product-type-simple"},"jetpack_sharing_enabled":true,"_links":{"self":[{"href":"https:\/\/galaspiegade.lv\/ru\/wp-json\/wp\/v2\/product\/18151","targetHints":{"allow":["GET"]}}],"collection":[{"href":"https:\/\/galaspiegade.lv\/ru\/wp-json\/wp\/v2\/product"}],"about":[{"href":"https:\/\/galaspiegade.lv\/ru\/wp-json\/wp\/v2\/types\/product"}],"version-history":[{"count":3,"href":"https:\/\/galaspiegade.lv\/ru\/wp-json\/wp\/v2\/product\/18151\/revisions"}],"predecessor-version":[{"id":23505,"href":"https:\/\/galaspiegade.lv\/ru\/wp-json\/wp\/v2\/product\/18151\/revisions\/23505"}],"wp:featuredmedia":[{"embeddable":true,"href":"https:\/\/galaspiegade.lv\/ru\/wp-json\/wp\/v2\/media\/18150"}],"wp:attachment":[{"href":"https:\/\/galaspiegade.lv\/ru\/wp-json\/wp\/v2\/media?parent=18151"}],"wp:term":[{"taxonomy":"product_brand","embeddable":true,"href":"https:\/\/galaspiegade.lv\/ru\/wp-json\/wp\/v2\/product_brand?post=18151"},{"taxonomy":"product_cat","embeddable":true,"href":"https:\/\/galaspiegade.lv\/ru\/wp-json\/wp\/v2\/product_cat?post=18151"},{"taxonomy":"product_tag","embeddable":true,"href":"https:\/\/galaspiegade.lv\/ru\/wp-json\/wp\/v2\/product_tag?post=18151"}],"curies":[{"name":"wp","href":"https:\/\/api.w.org\/{rel}","templated":true}]}}