{"id":18196,"date":"2021-06-13T16:47:00","date_gmt":"2021-06-13T13:47:00","guid":{"rendered":"https:\/\/galaspiegade.lv\/?post_type=product&#038;p=18196"},"modified":"2025-01-30T10:23:15","modified_gmt":"2025-01-30T08:23:15","slug":"liellopa-galas-pelmeni","status":"publish","type":"product","link":"https:\/\/galaspiegade.lv\/ru\/prece\/liellopa-galas-pelmeni\/","title":{"rendered":"\u0413\u043e\u0432\u044f\u0436\u044c\u0438 \u043f\u0435\u043b\u044c\u043c\u0435\u043d\u0438"},"content":{"rendered":"<p>\u0422\u0435\u043c\u043f\u0435\u0440\u0430\u0442\u0443\u0440\u0430 \u0445\u0440\u0430\u043d\u0435\u043d\u0438\u044f -18\u00b0\u0421.<\/p>\n<p><strong>\u0421\u043e\u0441\u0442\u0430\u0432:<\/strong>:<br \/>\n\u0424\u0430\u0440\u0448 55% (\u0433\u043e\u0432\u044f\u0434\u0438\u043d\u0430 90% (\u041b\u0430\u0442\u0432\u0438\u044f), \u0441\u0432\u0438\u043d\u043e\u0439 \u0436\u0438\u0440, \u043b\u0443\u043a, \u043c\u043e\u0440\u043a\u043e\u0432\u044c, \u043f\u0430\u043d\u0438\u0440\u043e\u0432\u043e\u0447\u043d\u044b\u0435 \u0441\u0443\u0445\u0430\u0440\u0438 (\u043f\u0448\u0435\u043d\u0438\u0447\u043d\u0430\u044f \u043c\u0443\u043a\u0430, \u0432\u043e\u0434\u0430, \u0441\u043e\u043b\u044c, \u0434\u0440\u043e\u0436\u0436\u0438), \u043f\u0435\u0442\u0440\u0443\u0448\u043a\u0430, \u0441\u043e\u043b\u044c, \u0447\u0435\u0441\u043d\u043e\u043a, \u0443\u043a\u0440\u043e\u043f, \u043f\u0435\u0440\u0435\u0446.<br \/>\n\u0422\u0435\u0441\u0442\u043e 45% (\u043c\u0443\u043a\u0430 \u043f\u0448\u0435\u043d\u0438\u0447\u043d\u0430\u044f, \u0432\u043e\u0434\u0430, \u043c\u0430\u0441\u043b\u043e \u0440\u0430\u0441\u0442\u0438\u0442\u0435\u043b\u044c\u043d\u043e\u0435, \u043c\u0430\u0441\u043b\u043e \u0440\u0430\u043f\u0441\u043e\u0432\u043e\u0435, \u0441\u043e\u043b\u044c, \u0441\u0430\u0445\u0430\u0440).<\/p>\n<p><strong>\u042d\u043d\u0435\u0440\u0433\u0435\u0442\u0438\u0447\u0435\u0441\u043a\u0430\u044f \u0446\u0435\u043d\u043d\u043e\u0441\u0442\u044c<\/strong>: 940 \u043a\u0414\u0436\/225 \u043a\u043a\u0430\u043b, \u0432 100 \u0433 \u0441\u043e\u0434\u0435\u0440\u0436\u0438\u0442\u0441\u044f: \u0436\u0438\u0440\u044b 7,4 \u0433, \u0441\u0430\u0442\u0443\u0440\u0430\u0442\u044b 1,7 \u0433, \u0443\u0433\u043b\u0435\u0432\u043e\u0434\u044b 24 \u0433, \u0441\u0430\u0445\u0430\u0440\u0430 0,5 \u0433, \u0431\u0435\u043b\u043a\u0438 15 \u0433, \u0441\u043e\u043b\u044c 1,2 \u0433.<\/p>\n<p><strong>\u041f\u0440\u043e\u0438\u0437\u0432\u043e\u0434\u0438\u0442\u0435\u043b\u044c:<\/strong>: SIA Piebalgas K\u016bpin\u0101tava, \u201cLauras\u201d, Taurene.<\/p>\n<p>\u0418\u0437\u0433\u043e\u0442\u043e\u0432\u043b\u0435\u043d\u043e \u0434\u043b\u044f KS \"LATVIJAS LIELLOPS\".<\/p>\n<p>\u0412\u043a\u0443\u0441\u043d\u044b\u0435, \u0441\u044b\u0442\u043d\u044b\u0435, \u043d\u0430\u0441\u0442\u043e\u044f\u0449\u0438\u0435 \u043f\u0435\u043b\u044c\u043c\u0435\u043d\u0438 \u0441 \u0433\u043e\u0432\u044f\u0434\u0438\u043d\u043e\u0439!<br \/>\n\u0418\u0434\u0435\u0430\u043b\u044c\u043d\u043e \u043f\u043e\u0434\u0445\u043e\u0434\u0438\u0442 \u043a\u0430\u043a \u0432 \u0436\u0430\u0440\u0435\u043d\u043e\u043c, \u0442\u0430\u043a \u0438 \u0432 \u0432\u0430\u0440\u0435\u043d\u043e\u043c \u0432\u0438\u0434\u0435!<\/p>\n<p>\u0412 \u0443\u043f\u0430\u043a\u043e\u0432\u043a\u0435 \u043f\u043e 0,5 \u043a\u0433.<\/p>","protected":false},"excerpt":{"rendered":"<p>Uzglab\u0101\u0161anas temperat\u016bra -18\u00b0C. Sast\u0101vda\u013cas: Pild\u012bjums 55% (liellopu ga\u013ca 90%(Latvija), c\u016bkga\u013cas spe\u0137is, s\u012bpoli, burk\u0101ni, r\u012bvmaize(KVIE\u0160U milti, \u016bdens, s\u0101ls, raugs), p\u0113ters\u012b\u013ci, s\u0101ls, \u0137iploki, dilles, pipari. M\u012bkla 45%(KVIE\u0160U milti, \u016bdens, OLAS, rap\u0161u e\u013c\u013ca, s\u0101ls, cukurs). Ener\u0123\u0113tisk\u0101 v\u0113rt\u012bba: 940kJ\/225 kcal, 100g produkta satur: tauki 7.4g, to starp pies\u0101tin\u0101t\u0101s tauksk\u0101bes 1.7g, og\u013chidr\u0101ti 24g, to starp cukuri 0.5g,\u00a0 olbaltumvielas 15g, s\u0101ls 1.2g. Ra\u017eot\u0101js: SIA Piebalgas K\u016bpin\u0101tava, &#8220;Lauras&#8221;, Taurene. Ra\u017eots p\u0113c KS &#8220;LATVIJAS LIELLOPS&#8221; pas\u016bt\u012bjuma. Gardi, s\u0101t\u012bgi, \u012bsti liellopa ga\u013cas pelme\u0146i! Ide\u0101li gan cepti, gan v\u0101r\u012bti! Fas\u0113ti pa 0.5kg.<\/p>","protected":false},"featured_media":20266,"template":"","meta":[],"product_brand":[],"product_cat":[174,168],"product_tag":[173,172,171],"class_list":{"0":"post-18196","1":"product","2":"type-product","3":"status-publish","4":"has-post-thumbnail","6":"product_cat-jaunumi","7":"product_cat-izstradajumi","8":"product_tag-izstradajumi","9":"product_tag-liellopa-gala","10":"product_tag-pelmeni","12":"first","13":"outofstock","14":"taxable","15":"shipping-taxable","16":"product-type-simple"},"jetpack_sharing_enabled":true,"_links":{"self":[{"href":"https:\/\/galaspiegade.lv\/ru\/wp-json\/wp\/v2\/product\/18196","targetHints":{"allow":["GET"]}}],"collection":[{"href":"https:\/\/galaspiegade.lv\/ru\/wp-json\/wp\/v2\/product"}],"about":[{"href":"https:\/\/galaspiegade.lv\/ru\/wp-json\/wp\/v2\/types\/product"}],"version-history":[{"count":5,"href":"https:\/\/galaspiegade.lv\/ru\/wp-json\/wp\/v2\/product\/18196\/revisions"}],"predecessor-version":[{"id":23503,"href":"https:\/\/galaspiegade.lv\/ru\/wp-json\/wp\/v2\/product\/18196\/revisions\/23503"}],"wp:featuredmedia":[{"embeddable":true,"href":"https:\/\/galaspiegade.lv\/ru\/wp-json\/wp\/v2\/media\/20266"}],"wp:attachment":[{"href":"https:\/\/galaspiegade.lv\/ru\/wp-json\/wp\/v2\/media?parent=18196"}],"wp:term":[{"taxonomy":"product_brand","embeddable":true,"href":"https:\/\/galaspiegade.lv\/ru\/wp-json\/wp\/v2\/product_brand?post=18196"},{"taxonomy":"product_cat","embeddable":true,"href":"https:\/\/galaspiegade.lv\/ru\/wp-json\/wp\/v2\/product_cat?post=18196"},{"taxonomy":"product_tag","embeddable":true,"href":"https:\/\/galaspiegade.lv\/ru\/wp-json\/wp\/v2\/product_tag?post=18196"}],"curies":[{"name":"wp","href":"https:\/\/api.w.org\/{rel}","templated":true}]}}