{"id":18201,"date":"2021-06-13T17:09:06","date_gmt":"2021-06-13T14:09:06","guid":{"rendered":"https:\/\/galaspiegade.lv\/?post_type=product&#038;p=18201"},"modified":"2025-01-30T10:23:06","modified_gmt":"2025-01-30T08:23:06","slug":"liellopa-galas-burgerisi","status":"publish","type":"product","link":"https:\/\/galaspiegade.lv\/ru\/prece\/liellopa-galas-burgerisi\/","title":{"rendered":"\u0411\u0443\u0440\u0433\u0435\u0440\u044b \u0438\u0437 \u0433\u043e\u0432\u044f\u0434\u0438\u043d\u044b"},"content":{"rendered":"<p>\u0422\u0435\u043c\u043f\u0435\u0440\u0430\u0442\u0443\u0440\u0430 \u0445\u0440\u0430\u043d\u0435\u043d\u0438\u044f -18\u00b0\u0421.<\/p>\n<p><strong>\u0421\u043e\u0441\u0442\u0430\u0432:<\/strong>\u0413\u043e\u0432\u044f\u0434\u0438\u043d\u0430 (98%), \u043c\u043e\u0440\u0441\u043a\u0430\u044f \u0441\u043e\u043b\u044c, \u043d\u0430\u0442\u0443\u0440\u0430\u043b\u044c\u043d\u044b\u0439 \u0430\u0440\u043e\u043c\u0430\u0442\u0438\u0437\u0430\u0442\u043e\u0440. \u0421\u043e\u0434\u0435\u0440\u0436\u0438\u0442: \u0441\u0443\u043b\u044c\u0444\u0438\u0442\u044b \u0438 \u0441\u0443\u043b\u044c\u0444\u0438\u0442\u043d\u044b\u0435 \u0432\u0435\u0449\u0435\u0441\u0442\u0432\u0430.<\/p>\n<p>\u041f\u0438\u0449\u0435\u0432\u0430\u044f \u0446\u0435\u043d\u043d\u043e\u0441\u0442\u044c \u043d\u0430 100 \u0433 \u043f\u0440\u043e\u0434\u0443\u043a\u0442\u0430 - \u042d\u043d\u0435\u0440\u0433\u0438\u044f 538\u041a\u0434\u0436; \u043a\u0414\u0436\/128\u041a\u041a\u0430\u043b; \u043a\u043a\u0430\u043b; \u0416\u0438\u0440: 4,9 \u0433; \u0411\u0435\u043b\u043e\u043a: 21 \u0433; \u0421\u043e\u043b\u044c: 0,98 \u0433;<\/p>\n<p class=\"m_-7485327054402748404MsoListParagraph\">\u0421\u0442\u0440\u0430\u043d\u0430 \u043f\u0440\u043e\u0438\u0441\u0445\u043e\u0436\u0434\u0435\u043d\u0438\u044f \u043e\u0441\u043d\u043e\u0432\u043d\u043e\u0433\u043e \u0441\u044b\u0440\u044c\u044f: \u041b\u0430\u0442\u0432\u0438\u044f.<\/p>\n<p><strong>\u041f\u0440\u043e\u0438\u0437\u0432\u043e\u0434\u0438\u0442\u0435\u043b\u044c:<\/strong>SIA \u201cMG Fabrika\u201d, Valgales iela 4, R\u012bga, LV-1029.<\/p>\n<p>\u0418\u0437\u0433\u043e\u0442\u043e\u0432\u043b\u0435\u043d\u043e \u0434\u043b\u044f KS \"LATVIJAS LIELLOPS\".<\/p>\n<p>\u0413\u043e\u0442\u043e\u0432\u044b\u0435 \u0431\u0443\u0440\u0433\u0435\u0440\u044b \u0438\u0437 \u0433\u043e\u0432\u044f\u0434\u0438\u043d\u044b, \u043f\u0440\u0438\u0433\u043e\u0442\u043e\u0432\u043b\u0435\u043d\u043d\u044b\u0435 \u043d\u0430 \u0433\u0440\u0438\u043b\u0435, \u0441 \u0438\u0434\u0435\u0430\u043b\u044c\u043d\u044b\u043c \u0441\u043e\u043e\u0442\u043d\u043e\u0448\u0435\u043d\u0438\u0435\u043c \u0433\u043e\u0432\u044f\u0434\u0438\u043d\u044b, \u0436\u0438\u0440\u0430, \u0441\u043e\u043b\u0438 \u0438 \u043f\u0435\u0440\u0446\u0430. \u0411\u0443\u0440\u0433\u0435\u0440\u044b \u043f\u043e\u0434\u0432\u0435\u0440\u0433\u0430\u044e\u0442\u0441\u044f \u0448\u043e\u043a\u043e\u0432\u043e\u0439 \u0437\u0430\u043c\u043e\u0440\u043e\u0437\u043a\u0435, \u0431\u043b\u0430\u0433\u043e\u0434\u0430\u0440\u044f \u0447\u0435\u043c\u0443 \u043e\u043d\u0438 \u0441\u043e\u0445\u0440\u0430\u043d\u044f\u044e\u0442 \u043f\u0440\u0435\u0432\u043e\u0441\u0445\u043e\u0434\u043d\u044b\u0439 \u0432\u043a\u0443\u0441 \u0438 \u0444\u043e\u0440\u043c\u0443 \u0434\u043e \u043c\u043e\u043c\u0435\u043d\u0442\u0430 \u0434\u043e\u0441\u0442\u0430\u0432\u043a\u0438.<\/p>\n<p>4 \u0431\u0443\u0440\u0433\u0435\u0440\u0430 \u0432 \u0443\u043f\u0430\u043a\u043e\u0432\u043a\u0435. \u0412\u0435\u0441 \u043e\u0434\u043d\u043e\u0433\u043e \u0431\u0443\u0440\u0433\u0435\u0440\u0430 150 \u0433\u0440\u0430\u043c\u043c. \u0412\u0435\u0441 \u0443\u043f\u0430\u043a\u043e\u0432\u043a\u0438 0,60 - 0,65 \u043a\u0433.<\/p>\n<p><img fetchpriority=\"high\" decoding=\"async\" class=\"alignnone size-medium wp-image-19394\" src=\"https:\/\/galaspiegade.lv\/wp-content\/uploads\/2022\/09\/IMG-81091-225x300.jpg\" alt=\"\" width=\"225\" height=\"300\" \/><\/p>\n<p>&nbsp;<\/p>","protected":false},"excerpt":{"rendered":"<p>Uzglab\u0101\u0161anas temperat\u016bra -18\u00b0C. Sast\u0101vda\u013cas: liellopu ga\u013ca (98%), j\u016bras s\u0101ls, dab\u012bgais aromatiz\u0113t\u0101js. Satur: S\u0112RA DIOKS\u012aDU UN SULF\u012aTUS. Uzturv\u0113rt\u012bba 100g produkta \u2013 Ener\u0123\u0113tisk\u0101 v\u0113rt\u012bba 538Kj; kJ\/128KCal; kcal; Tauki: 4.9g; Olbaltumvielas: 21g; S\u0101ls: 0.98g; Pamatizejvielas izcelsmes valsts: Latvija. Ra\u017eot\u0101js: SIA &#8220;MG Fabrika&#8221;, Valgales iela 4, R\u012bga, LV-1029. Ra\u017eots p\u0113c KS &#8220;LATVIJAS LIELLOPS&#8221; pas\u016bt\u012bjuma. Gril\u0113\u0161anai gatavi liellopa ga\u013cas burger\u012b\u0161i, kas pagatavoti, izmantojot perfektu liellopa ga\u013cas, tauku, s\u0101ls un piparu attiec\u012bbu. Burger\u012b\u0161i sald\u0113ti \u0161oka sald\u0113tav\u0101, lai tie saglab\u0101tu savas izcil\u0101s gar\u0161as \u012bpa\u0161\u012bbas un formu l\u012bdz pat pieg\u0101des br\u012bdim. Vien\u0101 iepakojum\u0101 ir 4 burger\u012b\u0161i. Viena burgera svars ir 150 grami. Iepakojuma svars 0.60 &#8211; 0.65 kg. &nbsp;<\/p>","protected":false},"featured_media":18329,"template":"","meta":[],"product_brand":[],"product_cat":[168],"product_tag":[],"class_list":{"0":"post-18201","1":"product","2":"type-product","3":"status-publish","4":"has-post-thumbnail","6":"product_cat-izstradajumi","8":"first","9":"outofstock","10":"taxable","11":"shipping-taxable","12":"product-type-simple"},"jetpack_sharing_enabled":true,"_links":{"self":[{"href":"https:\/\/galaspiegade.lv\/ru\/wp-json\/wp\/v2\/product\/18201","targetHints":{"allow":["GET"]}}],"collection":[{"href":"https:\/\/galaspiegade.lv\/ru\/wp-json\/wp\/v2\/product"}],"about":[{"href":"https:\/\/galaspiegade.lv\/ru\/wp-json\/wp\/v2\/types\/product"}],"version-history":[{"count":4,"href":"https:\/\/galaspiegade.lv\/ru\/wp-json\/wp\/v2\/product\/18201\/revisions"}],"predecessor-version":[{"id":23501,"href":"https:\/\/galaspiegade.lv\/ru\/wp-json\/wp\/v2\/product\/18201\/revisions\/23501"}],"wp:featuredmedia":[{"embeddable":true,"href":"https:\/\/galaspiegade.lv\/ru\/wp-json\/wp\/v2\/media\/18329"}],"wp:attachment":[{"href":"https:\/\/galaspiegade.lv\/ru\/wp-json\/wp\/v2\/media?parent=18201"}],"wp:term":[{"taxonomy":"product_brand","embeddable":true,"href":"https:\/\/galaspiegade.lv\/ru\/wp-json\/wp\/v2\/product_brand?post=18201"},{"taxonomy":"product_cat","embeddable":true,"href":"https:\/\/galaspiegade.lv\/ru\/wp-json\/wp\/v2\/product_cat?post=18201"},{"taxonomy":"product_tag","embeddable":true,"href":"https:\/\/galaspiegade.lv\/ru\/wp-json\/wp\/v2\/product_tag?post=18201"}],"curies":[{"name":"wp","href":"https:\/\/api.w.org\/{rel}","templated":true}]}}