{"id":18208,"date":"2021-06-13T19:16:23","date_gmt":"2021-06-13T16:16:23","guid":{"rendered":"https:\/\/galaspiegade.lv\/?post_type=product&#038;p=18208"},"modified":"2025-01-30T10:22:44","modified_gmt":"2025-01-30T08:22:44","slug":"liellopa-stobra-kauli","status":"publish","type":"product","link":"https:\/\/galaspiegade.lv\/ru\/prece\/liellopa-stobra-kauli\/","title":{"rendered":"\u0413\u043e\u0432\u044f\u0436\u044c\u0438 \u043c\u043e\u0437\u0433\u043e\u0432\u044b\u0435 \u043a\u043e\u0441\u0442\u0438"},"content":{"rendered":"<p>\u0418\u0437 \u0433\u043e\u0432\u044f\u0436\u044c\u0438\u0445 \u043c\u043e\u0437\u0433\u043e\u0432\u044b\u0445 \u043a\u043e\u0441\u0442\u0435\u0439 \u043b\u0435\u0433\u043a\u043e \u043f\u0440\u0438\u0433\u043e\u0442\u043e\u0432\u0438\u0442\u044c \u0435\u0434\u0443 \u0443 \u0441\u0435\u0431\u044f \u0434\u043e\u043c\u0430, \u0434\u043e\u0441\u0442\u043e\u0439\u043d\u0443\u044e \u0440\u0435\u0441\u0442\u043e\u0440\u0430\u043d\u0430. \u042d\u0442\u0438 \u043a\u043e\u0441\u0442\u0438 \u0432\u044b\u0440\u0435\u0437\u0430\u044e\u0442\u0441\u044f \u0438\u0437 \u043d\u0430\u0434\u0431\u0435\u0434\u0440\u0435\u043d\u043d\u043e\u0439 \u043a\u043e\u0441\u0442\u0438 \u043a\u0440\u0443\u043f\u043d\u043e\u0433\u043e \u0440\u043e\u0433\u0430\u0442\u043e\u0433\u043e \u0441\u043a\u043e\u0442\u0430, \u043a\u043e\u0442\u043e\u0440\u0430\u044f \u044f\u0432\u043b\u044f\u0435\u0442\u0441\u044f \u0441\u0430\u043c\u043e\u0439 \u0431\u043e\u043b\u044c\u0448\u043e\u0439 \u043a\u043e\u0441\u0442\u044c\u044e \u0432 \u0442\u0435\u043b\u0435 \u0436\u0438\u0432\u043e\u0442\u043d\u043e\u0433\u043e.<\/p>\n<p>Iedvesmu to pagatavo\u0161anai vari smelties no OAK<code>A<\/code>BBQ Kristapa: https:\/\/fb.watch\/8ALZG8xQMO\/<\/p>","protected":false},"excerpt":{"rendered":"<p>Ar \u0161iem stobra kauliem ir viegli rad\u012bt restor\u0101na cien\u012bgu malt\u012bti sav\u0101s m\u0101j\u0101s. \u0160ie smadze\u0146u stobra kauli tiek izgriezti no liellopa aug\u0161stilba, kas ir liel\u0101kais kauls dz\u012bvnieka \u0137ermen\u012b. Iedvesmu to pagatavo\u0161anai vari smelties no OAKABBQ Kristapa: https:\/\/fb.watch\/8ALZG8xQMO\/<\/p>","protected":false},"featured_media":23408,"template":"","meta":[],"product_brand":[],"product_cat":[134,167],"product_tag":[216,228,227,196,229,225,226],"class_list":{"0":"post-18208","1":"product","2":"type-product","3":"status-publish","4":"has-post-thumbnail","6":"product_cat-liellopa-gala","7":"product_cat-subprodukti","8":"product_tag-buljons","9":"product_tag-delikatese","10":"product_tag-kaula-smadzenes","11":"product_tag-latvijas-liellops","12":"product_tag-liellops","13":"product_tag-stobra-kauli","14":"product_tag-stobra-laivinas","16":"first","17":"outofstock","18":"taxable","19":"shipping-taxable","20":"product-type-simple"},"jetpack_sharing_enabled":true,"_links":{"self":[{"href":"https:\/\/galaspiegade.lv\/ru\/wp-json\/wp\/v2\/product\/18208","targetHints":{"allow":["GET"]}}],"collection":[{"href":"https:\/\/galaspiegade.lv\/ru\/wp-json\/wp\/v2\/product"}],"about":[{"href":"https:\/\/galaspiegade.lv\/ru\/wp-json\/wp\/v2\/types\/product"}],"version-history":[{"count":5,"href":"https:\/\/galaspiegade.lv\/ru\/wp-json\/wp\/v2\/product\/18208\/revisions"}],"predecessor-version":[{"id":23499,"href":"https:\/\/galaspiegade.lv\/ru\/wp-json\/wp\/v2\/product\/18208\/revisions\/23499"}],"wp:featuredmedia":[{"embeddable":true,"href":"https:\/\/galaspiegade.lv\/ru\/wp-json\/wp\/v2\/media\/23408"}],"wp:attachment":[{"href":"https:\/\/galaspiegade.lv\/ru\/wp-json\/wp\/v2\/media?parent=18208"}],"wp:term":[{"taxonomy":"product_brand","embeddable":true,"href":"https:\/\/galaspiegade.lv\/ru\/wp-json\/wp\/v2\/product_brand?post=18208"},{"taxonomy":"product_cat","embeddable":true,"href":"https:\/\/galaspiegade.lv\/ru\/wp-json\/wp\/v2\/product_cat?post=18208"},{"taxonomy":"product_tag","embeddable":true,"href":"https:\/\/galaspiegade.lv\/ru\/wp-json\/wp\/v2\/product_tag?post=18208"}],"curies":[{"name":"wp","href":"https:\/\/api.w.org\/{rel}","templated":true}]}}