{"id":18211,"date":"2021-06-13T23:48:46","date_gmt":"2021-06-13T20:48:46","guid":{"rendered":"https:\/\/galaspiegade.lv\/?post_type=product&#038;p=18211"},"modified":"2025-01-30T10:22:36","modified_gmt":"2025-01-30T08:22:36","slug":"liellopa-short-ribs","status":"publish","type":"product","link":"https:\/\/galaspiegade.lv\/ru\/prece\/liellopa-short-ribs\/","title":{"rendered":"\u0413\u043e\u0432\u044f\u0436\u044c\u0438 \u043a\u043e\u0440\u043e\u0442\u043a\u0438\u0435 \u0440\u0435\u0431\u0440\u044b\u0448\u043a\u0438 (Short Ribs)"},"content":{"rendered":"<p>\u041c\u044b \u0440\u0430\u0434\u044b \u043f\u0440\u0435\u0434\u0441\u0442\u0430\u0432\u0438\u0442\u044c \u0432\u0430\u043c \u043a\u043e\u0440\u043e\u0442\u043a\u0438\u0435 \u0440\u0435\u0431\u0440\u0430 \u0432 \u0442\u0435\u0445\u0430\u0441\u0441\u043a\u043e\u043c \u0441\u0442\u0438\u043b\u0435. \u042d\u0442\u043e \u0441\u0430\u043c\u0430\u044f \u043b\u0443\u0447\u0448\u0430\u044f \u0438 \u0441\u0430\u043c\u0430\u044f \u043c\u044f\u0441\u043d\u0430\u044f \u0447\u0430\u0441\u0442\u044c \u0433\u043e\u0432\u044f\u0436\u044c\u0438\u0445 \u043a\u043e\u0440\u043e\u0442\u043a\u0438\u0445 \u0440\u0435\u0431\u0435\u0440. \u041a\u043e\u0440\u043e\u0442\u043a\u0438\u0435 \u0440\u0435\u0431\u0440\u0430 \u043f\u043e-\u0442\u0435\u0445\u0430\u0441\u0441\u043a\u0438 - \u044d\u0442\u043e \u0438\u0434\u0435\u0430\u043b\u044c\u043d\u043e\u0435 \u0441\u043e\u0447\u0435\u0442\u0430\u043d\u0438\u0435 \u0436\u0438\u0440\u0430 \u0438 \u043c\u044f\u0441\u0430 \u0434\u043b\u044f \u043b\u044e\u0431\u043e\u0433\u043e \u043b\u044e\u0431\u0438\u0442\u0435\u043b\u044f \u0431\u0430\u0440\u0431\u0435\u043a\u044e.<\/p>\n<p>\u0412\u0434\u043e\u0445\u043d\u043e\u0432\u0435\u043d\u0438\u0435 \u0434\u043b\u044f \u0440\u0435\u0431\u0435\u0440 \u043c\u043e\u0436\u043d\u043e \u043f\u043e\u0447\u0435\u0440\u043f\u043d\u0443\u0442\u044c \u0443 \u041a\u0440\u0438\u0441\u0442\u0430\u043f\u0441\u0430 \u0438\u0437 OAK<code>a<\/code>BBQ: https:\/\/fb.watch\/8AM4HUJsZR\/<\/p>","protected":false},"excerpt":{"rendered":"<p>M\u0113s ar prieku Jums pied\u0101v\u0101jam Teksasas stila Short Ribs. \u0160\u012b ir lab\u0101k\u0101 un ga\u013c\u012bg\u0101k\u0101 liellopa ribi\u0146u da\u013ca. Teksasas ribi\u0146as, &#8211; t\u0101 ir lieliska tauku un ga\u013cas attiec\u012bbu kombin\u0101cija, kas piem\u0113rota ikvienam BBQ entuziastam. Iedvesmu ribi\u0146u pagatavo\u0161anai vari smelties pie Kristapa no OAKaBBQ: https:\/\/fb.watch\/8AM4HUJsZR\/<\/p>","protected":false},"featured_media":23406,"template":"","meta":[],"product_brand":[],"product_cat":[134],"product_tag":[183,185,184,230],"class_list":{"0":"post-18211","1":"product","2":"type-product","3":"status-publish","4":"has-post-thumbnail","6":"product_cat-liellopa-gala","7":"product_tag-liellopa-ribas","8":"product_tag-ribas","9":"product_tag-ribs","10":"product_tag-short-ribs","12":"first","13":"outofstock","14":"taxable","15":"shipping-taxable","16":"product-type-simple"},"jetpack_sharing_enabled":true,"_links":{"self":[{"href":"https:\/\/galaspiegade.lv\/ru\/wp-json\/wp\/v2\/product\/18211","targetHints":{"allow":["GET"]}}],"collection":[{"href":"https:\/\/galaspiegade.lv\/ru\/wp-json\/wp\/v2\/product"}],"about":[{"href":"https:\/\/galaspiegade.lv\/ru\/wp-json\/wp\/v2\/types\/product"}],"version-history":[{"count":5,"href":"https:\/\/galaspiegade.lv\/ru\/wp-json\/wp\/v2\/product\/18211\/revisions"}],"predecessor-version":[{"id":23502,"href":"https:\/\/galaspiegade.lv\/ru\/wp-json\/wp\/v2\/product\/18211\/revisions\/23502"}],"wp:featuredmedia":[{"embeddable":true,"href":"https:\/\/galaspiegade.lv\/ru\/wp-json\/wp\/v2\/media\/23406"}],"wp:attachment":[{"href":"https:\/\/galaspiegade.lv\/ru\/wp-json\/wp\/v2\/media?parent=18211"}],"wp:term":[{"taxonomy":"product_brand","embeddable":true,"href":"https:\/\/galaspiegade.lv\/ru\/wp-json\/wp\/v2\/product_brand?post=18211"},{"taxonomy":"product_cat","embeddable":true,"href":"https:\/\/galaspiegade.lv\/ru\/wp-json\/wp\/v2\/product_cat?post=18211"},{"taxonomy":"product_tag","embeddable":true,"href":"https:\/\/galaspiegade.lv\/ru\/wp-json\/wp\/v2\/product_tag?post=18211"}],"curies":[{"name":"wp","href":"https:\/\/api.w.org\/{rel}","templated":true}]}}