{"id":18456,"date":"2021-07-19T17:23:06","date_gmt":"2021-07-19T14:23:06","guid":{"rendered":"https:\/\/galaspiegade.lv\/?post_type=product&#038;p=18456"},"modified":"2025-01-30T10:22:21","modified_gmt":"2025-01-30T08:22:21","slug":"davanu-karte","status":"publish","type":"product","link":"https:\/\/galaspiegade.lv\/ru\/prece\/davanu-karte\/","title":{"rendered":"\u041f\u043e\u0434\u0430\u0440\u043e\u0447\u043d\u044b\u0439 \u0432\u0430\u0443\u0447\u0435\u0440"},"content":{"rendered":"<p>Pied\u0101v\u0101jam ieg\u0101d\u0101ties d\u0101vanu karti, kas \u013caus J\u016bsu m\u012b\u013cajiem cilv\u0113kiem pas\u016bt\u012bt un izm\u0113\u0123in\u0101t m\u016bsu liellopa ga\u013cas produkciju, k\u0101 ar\u012b piedal\u012bties m\u016bsu organiz\u0113taj\u0101s liellopa ga\u013cas meistarklas\u0113s.<\/p>\n<p>Sazinieties, l\u016bdzu, ar Almu, lai preciz\u0113tu d\u0101vanu kartes v\u0113rt\u012bbu un sa\u0146em\u0161anas iesp\u0113jas! tel. 27027706, latvijasliellops@gmail.com<\/p>","protected":false},"excerpt":{"rendered":"<p>Pied\u0101v\u0101jam ieg\u0101d\u0101ties d\u0101vanu karti, kas \u013caus J\u016bsu m\u012b\u013cajiem cilv\u0113kiem pas\u016bt\u012bt un izm\u0113\u0123in\u0101t m\u016bsu liellopa ga\u013cas produkciju, k\u0101 ar\u012b piedal\u012bties m\u016bsu organiz\u0113taj\u0101s liellopa ga\u013cas meistarklas\u0113s. Sazinieties, l\u016bdzu, ar Almu, lai preciz\u0113tu d\u0101vanu kartes v\u0113rt\u012bbu un sa\u0146em\u0161anas iesp\u0113jas! tel. 27027706, latvijasliellops@gmail.com<\/p>","protected":false},"featured_media":18458,"template":"","meta":[],"product_brand":[],"product_cat":[174],"product_tag":[250,251,196,172],"class_list":{"0":"post-18456","1":"product","2":"type-product","3":"status-publish","4":"has-post-thumbnail","6":"product_cat-jaunumi","7":"product_tag-davanu-karte","8":"product_tag-kvalitativa-gala","9":"product_tag-latvijas-liellops","10":"product_tag-liellopa-gala","12":"first","13":"outofstock","14":"taxable","15":"shipping-taxable","16":"product-type-simple"},"jetpack_sharing_enabled":true,"_links":{"self":[{"href":"https:\/\/galaspiegade.lv\/ru\/wp-json\/wp\/v2\/product\/18456","targetHints":{"allow":["GET"]}}],"collection":[{"href":"https:\/\/galaspiegade.lv\/ru\/wp-json\/wp\/v2\/product"}],"about":[{"href":"https:\/\/galaspiegade.lv\/ru\/wp-json\/wp\/v2\/types\/product"}],"version-history":[{"count":5,"href":"https:\/\/galaspiegade.lv\/ru\/wp-json\/wp\/v2\/product\/18456\/revisions"}],"predecessor-version":[{"id":23496,"href":"https:\/\/galaspiegade.lv\/ru\/wp-json\/wp\/v2\/product\/18456\/revisions\/23496"}],"wp:featuredmedia":[{"embeddable":true,"href":"https:\/\/galaspiegade.lv\/ru\/wp-json\/wp\/v2\/media\/18458"}],"wp:attachment":[{"href":"https:\/\/galaspiegade.lv\/ru\/wp-json\/wp\/v2\/media?parent=18456"}],"wp:term":[{"taxonomy":"product_brand","embeddable":true,"href":"https:\/\/galaspiegade.lv\/ru\/wp-json\/wp\/v2\/product_brand?post=18456"},{"taxonomy":"product_cat","embeddable":true,"href":"https:\/\/galaspiegade.lv\/ru\/wp-json\/wp\/v2\/product_cat?post=18456"},{"taxonomy":"product_tag","embeddable":true,"href":"https:\/\/galaspiegade.lv\/ru\/wp-json\/wp\/v2\/product_tag?post=18456"}],"curies":[{"name":"wp","href":"https:\/\/api.w.org\/{rel}","templated":true}]}}