{"id":19188,"date":"2022-05-14T17:55:50","date_gmt":"2022-05-14T14:55:50","guid":{"rendered":"https:\/\/galaspiegade.lv\/?post_type=product&#038;p=19188"},"modified":"2025-01-30T10:20:41","modified_gmt":"2025-01-30T08:20:41","slug":"saldets-osso-buco-stilbs-ar-kaulu","status":"publish","type":"product","link":"https:\/\/galaspiegade.lv\/ru\/prece\/saldets-osso-buco-stilbs-ar-kaulu\/","title":{"rendered":"\u0417\u0430\u043c\u043e\u0440\u043e\u0436\u0435\u043d\u043d\u044b\u0439 \u041e\u0441\u0441\u043e \u0431\u0443\u043a\u043e (\u0431\u0430\u0440\u0430\u0431\u0430\u043d\u043d\u0430\u044f \u043d\u043e\u0436\u043a\u0430 \u0441 \u043a\u043e\u0441\u0442\u043e\u0447\u043a\u043e\u0439)"},"content":{"rendered":"<p>Osso buco gabali\u0146i no m\u016bsu sald\u0113tavas noliktavas, ar 10% atlaidi no svaigu osso buco gabali\u0146u cenas!<\/p>\n<p>\u041e\u0441\u0441\u043e \u0431\u0443\u043a\u043e, \u0438\u043b\u0438 \u0433\u043e\u043b\u0435\u043d\u044c \u043d\u0430 \u043a\u043e\u0441\u0442\u0438, - \u044d\u0442\u043e \u043c\u0435\u0434\u043b\u0435\u043d\u043d\u043e \u0442\u0443\u0448\u0430\u0449\u0438\u0439\u0441\u044f \u043a\u0443\u0441\u043e\u043a \u0433\u043e\u0432\u044f\u0434\u0438\u043d\u044b, \u043f\u0440\u0438\u0433\u043e\u0442\u043e\u0432\u043b\u0435\u043d\u043d\u044b\u0439 \u043d\u0430 \u043c\u0435\u0434\u043b\u0435\u043d\u043d\u043e\u043c \u043e\u0433\u043d\u0435.<\/p>\n<p>\u0420\u0435\u043a\u043e\u043c\u0435\u043d\u0434\u0443\u0435\u043c \u0442\u0443\u0448\u0438\u0442\u044c \u0432 \u0432\u0438\u043d\u0435 \u0438\u043b\u0438 \u0433\u0440\u0430\u043d\u0430\u0442\u043e\u0432\u043e\u043c \u0441\u043e\u043a\u0435, \u0432\u043c\u0435\u0441\u0442\u0435 \u0441 \u043e\u0432\u043e\u0449\u0430\u043c\u0438!<\/p>\n<hr \/>\n<p>\u0420\u0435\u0446\u0435\u043f\u0442 \u043f\u0440\u0438\u0433\u043e\u0442\u043e\u0432\u043b\u0435\u043d\u0438\u044f \u043e\u0441\u0441\u043e \u0431\u0443\u043a\u043e \u043c\u043e\u0436\u043d\u043e \u043d\u0430\u0439\u0442\u0438 \u0437\u0434\u0435\u0441\u044c: <strong><span style=\"color: #339966;\"><a style=\"color: #339966;\" href=\"https:\/\/galaspiegade.lv\/ru\/liellopa-galas-sautejums\/\">\u0422\u0443\u0448\u0435\u043d\u0430\u044f \u0433\u043e\u0432\u044f\u0434\u0438\u043d\u0430<\/a><\/span><\/strong> \u0438\u043b\u0438 <strong><span style=\"color: #339966;\"><a style=\"color: #339966;\" href=\"https:\/\/www.facebook.com\/Galaspiegade\/posts\/406397981049775?__xts__[0]=68.ARDLNzx3jJC0aD7KFRdwnmJNyh7ixtK5sTyKR0QyjmH-qafa8hQ4EJigmy-45FPcS9rwfLzr8wo7rNSqoKQVexPwdh5-31BM0mIFZpY0SEWuBPpdPvFjvp1kq4qBn4rjQ137zA7PZY1wOoYaPFOD_FHtPVUfy_e_odx6wQ44zTGsWeJRhct98SwuTnSAPDbVTYJ4mTlzNURa5OOaGFIwx90DDhl6AeQeJGtaAAyhsb-leYCFC6TBmyv-CohaPwO-Yn__WECIND2cIuPtvncFVaCvPyZgS5WMKpBUZCiOHgoMv6zgphq6LYQ3gAEXskF3gzfCH7tQYbOyuYjcXKqs75S8x-8PD9hZTEfYw5HgMKjcalRVes8uci7jewwbyo07y5Escg\">\u0420\u0435\u0446\u0435\u043f\u0442 \u043e\u0441\u0441\u043e \u0431\u0443\u043a\u043e\u00a0<\/a><\/span><\/strong><\/p>","protected":false},"excerpt":{"rendered":"<p>Osso buco gabali\u0146i no m\u016bsu sald\u0113tavas noliktavas, ar 10% atlaidi no svaigu osso buco gabali\u0146u cenas! Osso buco gabali\u0146i jeb stilbs ar kaulu ir l\u0113ni saut\u0113jams liellopa ga\u013cas gabals uz zemas intensit\u0101tes liesmas. Iesak\u0101m saut\u0113t v\u012bn\u0101 vai gran\u0101t\u0101bolu sul\u0101, kop\u0101 ar d\u0101rze\u0146iem! Receptes, k\u0101 pagatavot osso buco, vari skat\u012bt \u0161eit: Liellopa ga\u013cas saut\u0113jums vai Osso buco recepte\u00a0<\/p>","protected":false},"featured_media":23404,"template":"","meta":[],"product_brand":[],"product_cat":[134,499],"product_tag":[189,186,260,188],"class_list":{"0":"post-19188","1":"product","2":"type-product","3":"status-publish","4":"has-post-thumbnail","6":"product_cat-liellopa-gala","7":"product_cat-saldeti-produkti","8":"product_tag-liellopa-stilbs","9":"product_tag-osso-buco","10":"product_tag-pieejamsbio","11":"product_tag-stilbs-ar-kaulu","13":"first","14":"outofstock","15":"taxable","16":"shipping-taxable","17":"product-type-simple"},"jetpack_sharing_enabled":true,"_links":{"self":[{"href":"https:\/\/galaspiegade.lv\/ru\/wp-json\/wp\/v2\/product\/19188","targetHints":{"allow":["GET"]}}],"collection":[{"href":"https:\/\/galaspiegade.lv\/ru\/wp-json\/wp\/v2\/product"}],"about":[{"href":"https:\/\/galaspiegade.lv\/ru\/wp-json\/wp\/v2\/types\/product"}],"version-history":[{"count":4,"href":"https:\/\/galaspiegade.lv\/ru\/wp-json\/wp\/v2\/product\/19188\/revisions"}],"predecessor-version":[{"id":23487,"href":"https:\/\/galaspiegade.lv\/ru\/wp-json\/wp\/v2\/product\/19188\/revisions\/23487"}],"wp:featuredmedia":[{"embeddable":true,"href":"https:\/\/galaspiegade.lv\/ru\/wp-json\/wp\/v2\/media\/23404"}],"wp:attachment":[{"href":"https:\/\/galaspiegade.lv\/ru\/wp-json\/wp\/v2\/media?parent=19188"}],"wp:term":[{"taxonomy":"product_brand","embeddable":true,"href":"https:\/\/galaspiegade.lv\/ru\/wp-json\/wp\/v2\/product_brand?post=19188"},{"taxonomy":"product_cat","embeddable":true,"href":"https:\/\/galaspiegade.lv\/ru\/wp-json\/wp\/v2\/product_cat?post=19188"},{"taxonomy":"product_tag","embeddable":true,"href":"https:\/\/galaspiegade.lv\/ru\/wp-json\/wp\/v2\/product_tag?post=19188"}],"curies":[{"name":"wp","href":"https:\/\/api.w.org\/{rel}","templated":true}]}}