{"id":19340,"date":"2022-09-27T02:07:44","date_gmt":"2022-09-26T23:07:44","guid":{"rendered":"https:\/\/galaspiegade.lv\/?post_type=product&#038;p=19340"},"modified":"2025-01-30T10:20:32","modified_gmt":"2025-01-30T08:20:32","slug":"liellopa-galas-frikadeles","status":"publish","type":"product","link":"https:\/\/galaspiegade.lv\/ru\/prece\/liellopa-galas-frikadeles\/","title":{"rendered":"\u0424\u0440\u0438\u043a\u0430\u0434\u0435\u043b\u044c\u043a\u0438 \u0438\u0437 \u0433\u043e\u0432\u044f\u0434\u0438\u043d\u044b"},"content":{"rendered":"<p>Jau gatavas, sald\u0113tas liellopa ga\u013cas frikadeles &#8211; atliek atkaus\u0113t un pievienot zupai!<\/p>\n<p>Sast\u0101vda\u013cas: liellopu ga\u013ca (95%), j\u016bras s\u0101ls, melnie pipari, \u0137iploku pulveris, \u0137imenesUzturv\u0113rt\u012bba 100g produkta \u2013 Ener\u0123\u0113tisk\u0101 v\u0113rt\u012bba 1029Kj; kJ\/248KCal; kcal; Tauki: 19g; Tostarp pies\u0101tin\u0101t\u0101s tauksk\u0101bes: 7.26g; Og\u013chidr\u0101ti: 1.9g; Tostarp cukuri: 0.04g; Olbaltumvielas: 17g; S\u0101ls: 1.8g;<\/p>","protected":false},"excerpt":{"rendered":"<p>Jau gatavas, sald\u0113tas liellopa ga\u013cas frikadeles &#8211; atliek atkaus\u0113t un pievienot zupai! Sast\u0101vda\u013cas: liellopu ga\u013ca (95%), j\u016bras s\u0101ls, melnie pipari, \u0137iploku pulveris, \u0137imenesUzturv\u0113rt\u012bba 100g produkta \u2013 Ener\u0123\u0113tisk\u0101 v\u0113rt\u012bba 1029Kj; kJ\/248KCal; kcal; Tauki: 19g; Tostarp pies\u0101tin\u0101t\u0101s tauksk\u0101bes: 7.26g; Og\u013chidr\u0101ti: 1.9g; Tostarp cukuri: 0.04g; Olbaltumvielas: 17g; S\u0101ls: 1.8g;<\/p>","protected":false},"featured_media":19391,"template":"","meta":[],"product_brand":[],"product_cat":[168],"product_tag":[497,173,172],"class_list":{"0":"post-19340","1":"product","2":"type-product","3":"status-publish","4":"has-post-thumbnail","6":"product_cat-izstradajumi","7":"product_tag-frikadeles","8":"product_tag-izstradajumi","9":"product_tag-liellopa-gala","11":"first","12":"outofstock","13":"taxable","14":"shipping-taxable","15":"product-type-simple"},"jetpack_sharing_enabled":true,"_links":{"self":[{"href":"https:\/\/galaspiegade.lv\/ru\/wp-json\/wp\/v2\/product\/19340","targetHints":{"allow":["GET"]}}],"collection":[{"href":"https:\/\/galaspiegade.lv\/ru\/wp-json\/wp\/v2\/product"}],"about":[{"href":"https:\/\/galaspiegade.lv\/ru\/wp-json\/wp\/v2\/types\/product"}],"version-history":[{"count":4,"href":"https:\/\/galaspiegade.lv\/ru\/wp-json\/wp\/v2\/product\/19340\/revisions"}],"predecessor-version":[{"id":23486,"href":"https:\/\/galaspiegade.lv\/ru\/wp-json\/wp\/v2\/product\/19340\/revisions\/23486"}],"wp:featuredmedia":[{"embeddable":true,"href":"https:\/\/galaspiegade.lv\/ru\/wp-json\/wp\/v2\/media\/19391"}],"wp:attachment":[{"href":"https:\/\/galaspiegade.lv\/ru\/wp-json\/wp\/v2\/media?parent=19340"}],"wp:term":[{"taxonomy":"product_brand","embeddable":true,"href":"https:\/\/galaspiegade.lv\/ru\/wp-json\/wp\/v2\/product_brand?post=19340"},{"taxonomy":"product_cat","embeddable":true,"href":"https:\/\/galaspiegade.lv\/ru\/wp-json\/wp\/v2\/product_cat?post=19340"},{"taxonomy":"product_tag","embeddable":true,"href":"https:\/\/galaspiegade.lv\/ru\/wp-json\/wp\/v2\/product_tag?post=19340"}],"curies":[{"name":"wp","href":"https:\/\/api.w.org\/{rel}","templated":true}]}}