{"id":19443,"date":"2022-11-24T11:07:14","date_gmt":"2022-11-24T09:07:14","guid":{"rendered":"https:\/\/galaspiegade.lv\/?post_type=product&#038;p=19443"},"modified":"2025-01-30T10:19:14","modified_gmt":"2025-01-30T08:19:14","slug":"buljona-kauli-saldeti","status":"publish","type":"product","link":"https:\/\/galaspiegade.lv\/ru\/prece\/buljona-kauli-saldeti\/","title":{"rendered":"Buljona kauli &#8211; sald\u0113ti"},"content":{"rendered":"<p>Buljona kaulus pieg\u0101d\u0101jam sasald\u0113tus, sald\u0113ti \u0161oka sald\u0113tav\u0101, lai saglab\u0101tu to kvalit\u0101ti un gar\u0161as \u012bpa\u0161\u012bbas svaigas.<br \/>\nPied\u0101v\u0101jam buljona v\u0101r\u012b\u0161anai paredz\u0113tu kaulu mix &#8211; loc\u012btavu, ribu, stilba kaulus no Latvijas z\u0101l\u0101jos audz\u0113tiem liellopiem.<\/p>","protected":false},"excerpt":{"rendered":"<p>Buljona kaulus pieg\u0101d\u0101jam sasald\u0113tus, sald\u0113ti \u0161oka sald\u0113tav\u0101, lai saglab\u0101tu to kvalit\u0101ti un gar\u0161as \u012bpa\u0161\u012bbas svaigas. Pied\u0101v\u0101jam buljona v\u0101r\u012b\u0161anai paredz\u0113tu kaulu mix &#8211; loc\u012btavu, ribu, stilba kaulus no Latvijas z\u0101l\u0101jos audz\u0113tiem liellopiem.<\/p>","protected":false},"featured_media":23397,"template":"","meta":[],"product_brand":[],"product_cat":[499],"product_tag":[217,216,260],"class_list":{"0":"post-19443","1":"product","2":"type-product","3":"status-publish","4":"has-post-thumbnail","6":"product_cat-saldeti-produkti","7":"product_tag-buljona-kauli","8":"product_tag-buljons","9":"product_tag-pieejamsbio","11":"first","12":"outofstock","13":"taxable","14":"shipping-taxable","15":"product-type-simple"},"jetpack_sharing_enabled":true,"_links":{"self":[{"href":"https:\/\/galaspiegade.lv\/ru\/wp-json\/wp\/v2\/product\/19443","targetHints":{"allow":["GET"]}}],"collection":[{"href":"https:\/\/galaspiegade.lv\/ru\/wp-json\/wp\/v2\/product"}],"about":[{"href":"https:\/\/galaspiegade.lv\/ru\/wp-json\/wp\/v2\/types\/product"}],"version-history":[{"count":5,"href":"https:\/\/galaspiegade.lv\/ru\/wp-json\/wp\/v2\/product\/19443\/revisions"}],"predecessor-version":[{"id":23477,"href":"https:\/\/galaspiegade.lv\/ru\/wp-json\/wp\/v2\/product\/19443\/revisions\/23477"}],"wp:featuredmedia":[{"embeddable":true,"href":"https:\/\/galaspiegade.lv\/ru\/wp-json\/wp\/v2\/media\/23397"}],"wp:attachment":[{"href":"https:\/\/galaspiegade.lv\/ru\/wp-json\/wp\/v2\/media?parent=19443"}],"wp:term":[{"taxonomy":"product_brand","embeddable":true,"href":"https:\/\/galaspiegade.lv\/ru\/wp-json\/wp\/v2\/product_brand?post=19443"},{"taxonomy":"product_cat","embeddable":true,"href":"https:\/\/galaspiegade.lv\/ru\/wp-json\/wp\/v2\/product_cat?post=19443"},{"taxonomy":"product_tag","embeddable":true,"href":"https:\/\/galaspiegade.lv\/ru\/wp-json\/wp\/v2\/product_tag?post=19443"}],"curies":[{"name":"wp","href":"https:\/\/api.w.org\/{rel}","templated":true}]}}