{"id":19536,"date":"2023-02-11T21:34:11","date_gmt":"2023-02-11T19:34:11","guid":{"rendered":"https:\/\/galaspiegade.lv\/?post_type=product&#038;p=19536"},"modified":"2025-01-30T10:18:24","modified_gmt":"2025-01-30T08:18:24","slug":"brieza-galas-medniecini","status":"publish","type":"product","link":"https:\/\/galaspiegade.lv\/ru\/prece\/brieza-galas-medniecini\/","title":{"rendered":"\u041e\u043b\u0435\u043d\u0438\u043d\u0430 \u043a\u043e\u043b\u0431\u0430\u0441\u044b"},"content":{"rendered":"<p>\u0421\u043e\u0441\u0438\u0441\u043a\u0438 \u0443\u043f\u0430\u043a\u043e\u0432\u0430\u043d\u044b \u0432 \u0432\u0430\u043a\u0443\u0443\u043c\u043d\u044b\u0435 \u043f\u0430\u043a\u0435\u0442\u044b \u043f\u043e 1 \u043a\u0433.<\/p>\n<p>\u0421\u043e\u0441\u0442\u0430\u0432: 80% \u043e\u043b\u0435\u043d\u0438\u043d\u044b, \u0441\u0432\u0438\u043d\u043e\u0439 \u0436\u0438\u0440, 15% \u0432\u043e\u0434\u044b, \u043d\u0438\u0442\u0440\u0438\u0442\u043d\u0430\u044f \u0441\u043e\u043b\u044c, \u0441\u043f\u0435\u0446\u0438\u0438, \u0441\u0442\u0430\u0431\u0438\u043b\u0438\u0437\u0430\u0442\u043e\u0440\u044b \u0415450\/\u0415451, \u0434\u0435\u043a\u0441\u0442\u0440\u043e\u0437\u0430, \u0442\u0440\u0430\u0432\u044b (\u0441\u043e\u0434\u0435\u0440\u0436\u0438\u0442 \u043b\u0430\u043a\u0442\u043e\u0437\u0443, \u043c\u043e\u043b\u043e\u0447\u043d\u044b\u0439 \u0431\u0435\u043b\u043e\u043a), \u0430\u043d\u0442\u0438\u043e\u043a\u0441\u0438\u0434\u0430\u043d\u0442\u044b \u0415316, \u0415315.<\/p>\n<p>\u0424\u0430\u0440\u0448\u0438\u0440\u043e\u0432\u0430\u043d\u043d\u044b\u0435 \u043d\u0430\u0442\u0443\u0440\u0430\u043b\u044c\u043d\u043e\u0439 \u0441\u044a\u0435\u0434\u043e\u0431\u043d\u043e\u0439 \u043e\u0431\u043e\u043b\u043e\u0447\u043a\u043e\u0439 \u0438\u0437 \u043e\u0432\u0435\u0447\u044c\u0438\u0445 \u043a\u0438\u0448\u043e\u043a.<\/p>\n<p>\u0422\u0435\u043c\u043f\u0435\u0440\u0430\u0442\u0443\u0440\u0430 \u0445\u0440\u0430\u043d\u0435\u043d\u0438\u044f +2...+6 C<\/p>\n<p>\u041f\u0438\u0442\u0430\u0442\u0435\u043b\u044c\u043d\u043e\u0441\u0442\u044c 904 \u043a\u0414\u0436\/ 218 \u043a\u043a\u0430\u043b.\u0412 100 \u0433 \u0441\u043e\u0434\u0435\u0440\u0436\u0438\u0442\u0441\u044f: \u0436\u0438\u0440\u044b 17,2 \u0433, \u0432 \u0442\u043e\u043c \u0447\u0438\u0441\u043b\u0435 \u0441\u0430\u0442\u0443\u0440\u0430\u0442\u044b - 6,9 \u0433; \u0443\u0433\u043b\u0435\u0432\u043e\u0434\u044b 0,1 \u0433, \u0432 \u0442\u043e\u043c \u0447\u0438\u0441\u043b\u0435 \u0441\u0430\u0445\u0430\u0440\u0430 0,1 \u0433; \u0431\u0435\u043b\u043a\u0438 15,6 \u0433, \u0441\u043e\u043b\u044c 1,27 \u0433, \u043d\u0430\u0442\u0440\u0438\u0439 0,51 \u0433.<br \/>\n\u041f\u043e\u0441\u043b\u0435 \u0432\u0441\u043a\u0440\u044b\u0442\u0438\u044f \u0438\u0441\u043f\u043e\u043b\u044c\u0437\u043e\u0432\u0430\u0442\u044c \u0432 \u0442\u0435\u0447\u0435\u043d\u0438\u0435 72 \u0447\u0430\u0441\u043e\u0432.<\/p>\n<p>Izlietot l\u012bdz 08.03.2023. Partijas nr. 1\/6.<\/p>\n<p>\u0418\u0437\u0433\u043e\u0442\u043e\u0432\u043b\u0435\u043d\u043e \u043a\u043e\u043c\u043f\u0430\u043d\u0438\u0435\u0439 TER\u016aNA Ltd., \u0434\u043b\u044f KS LATVIJAS LIELLOPS.<\/p>","protected":false},"excerpt":{"rendered":"<p>Medniekdesi\u0146as fas\u0113tas 1kg iepakojum\u0101, vakuum\u0101. Sast\u0101vda\u013cas: 80% brie\u017ea ga\u013ca, c\u016bkas spe\u0137is, 15% \u016bdens, nitr\u012bts\u0101ls, gar\u0161vielas, stabiliz\u0113t\u0101ji E450\/E451, dekstroze, gar\u0161augi (satur laktozi, piena olbaltumvielas), antioksidanti E316, E315. Pild\u012bts dab\u012bgaj\u0101 aitas zarnas apvalk\u0101, kas ir lietojams uztur\u0101. Uzglab\u0101\u0161anas temperat\u016bra +2&#8230;+6 C Uzturv\u0113rt\u012bba 904kJ\/ 218kcal. 100g produkta satur: tauki 17.2g, tostarp pies\u0101tin\u0101t\u0101s tauksk\u0101bes- 6.9g; og\u013chidr\u0101ti 0.1g, tostarp cukuri 0.1g; olbaltumvielas 15.6g, s\u0101ls 1.27g, n\u0101trijs 0.51g. P\u0113c iepakojuma atv\u0113r\u0161anas, izlietot 72h laik\u0101. Izlietot l\u012bdz 08.03.2023. Partijas nr. 1\/6. Ra\u017eots SIA TER\u016aNA, p\u0113c KS LATVIJAS LIELLOPS pas\u016bt\u012bjuma.<\/p>","protected":false},"featured_media":19537,"template":"","meta":[],"product_brand":[],"product_cat":[503],"product_tag":[],"class_list":{"0":"post-19536","1":"product","2":"type-product","3":"status-publish","4":"has-post-thumbnail","6":"product_cat-brieza-gala","8":"first","9":"outofstock","10":"taxable","11":"shipping-taxable","12":"product-type-simple"},"jetpack_sharing_enabled":true,"_links":{"self":[{"href":"https:\/\/galaspiegade.lv\/ru\/wp-json\/wp\/v2\/product\/19536","targetHints":{"allow":["GET"]}}],"collection":[{"href":"https:\/\/galaspiegade.lv\/ru\/wp-json\/wp\/v2\/product"}],"about":[{"href":"https:\/\/galaspiegade.lv\/ru\/wp-json\/wp\/v2\/types\/product"}],"version-history":[{"count":4,"href":"https:\/\/galaspiegade.lv\/ru\/wp-json\/wp\/v2\/product\/19536\/revisions"}],"predecessor-version":[{"id":23472,"href":"https:\/\/galaspiegade.lv\/ru\/wp-json\/wp\/v2\/product\/19536\/revisions\/23472"}],"wp:featuredmedia":[{"embeddable":true,"href":"https:\/\/galaspiegade.lv\/ru\/wp-json\/wp\/v2\/media\/19537"}],"wp:attachment":[{"href":"https:\/\/galaspiegade.lv\/ru\/wp-json\/wp\/v2\/media?parent=19536"}],"wp:term":[{"taxonomy":"product_brand","embeddable":true,"href":"https:\/\/galaspiegade.lv\/ru\/wp-json\/wp\/v2\/product_brand?post=19536"},{"taxonomy":"product_cat","embeddable":true,"href":"https:\/\/galaspiegade.lv\/ru\/wp-json\/wp\/v2\/product_cat?post=19536"},{"taxonomy":"product_tag","embeddable":true,"href":"https:\/\/galaspiegade.lv\/ru\/wp-json\/wp\/v2\/product_tag?post=19536"}],"curies":[{"name":"wp","href":"https:\/\/api.w.org\/{rel}","templated":true}]}}