{"id":20102,"date":"2024-02-20T08:29:42","date_gmt":"2024-02-20T06:29:42","guid":{"rendered":"https:\/\/galaspiegade.lv\/?post_type=product&#038;p=20102"},"modified":"2025-01-30T10:15:21","modified_gmt":"2025-01-30T08:15:21","slug":"beef-jerky-vitinatas-galas-uzkodas","status":"publish","type":"product","link":"https:\/\/galaspiegade.lv\/ru\/prece\/beef-jerky-vitinatas-galas-uzkodas\/","title":{"rendered":"BEEF JERKY - \u0432\u044f\u043b\u0435\u043d\u044b\u0435 \u0437\u0430\u043a\u0443\u0441\u043a\u0438"},"content":{"rendered":"<p>\u0423\u0434\u043e\u0431\u043d\u0430\u044f \u0438 \u043f\u043e\u043b\u0435\u0437\u043d\u0430\u044f \u0437\u0430\u043a\u0443\u0441\u043a\u0430 \u0438\u0437 \u043b\u0430\u0442\u0432\u0438\u0439\u0441\u043a\u043e\u0439 \u0433\u043e\u0432\u044f\u0434\u0438\u043d\u044b! \u0423\u043f\u0430\u043a\u043e\u0432\u0430\u043d\u044b \u0432 \u043f\u0430\u043a\u0435\u0442\u044b \u043f\u043e 75 \u0433.<br \/>\n\u0421\u043e\u0441\u0442\u0430\u0432: \u0433\u043e\u0432\u044f\u0434\u0438\u043d\u0430 98%, \u0441\u043e\u043b\u044c, \u0432\u043e\u0434\u0430, \u0441\u043e\u0435\u0432\u044b\u0435 \u0431\u043e\u0431\u044b, \u0441\u0430\u0445\u0430\u0440, \u043f\u0448\u0435\u043d\u0438\u0447\u043d\u0430\u044f \u043c\u0443\u043a\u0430, \u0441\u043f\u0438\u0440\u0442\u043e\u0432\u043e\u0439 \u0443\u043a\u0441\u0443\u0441, \u043f\u0430\u0442\u043e\u043a\u0430, \u0441\u043e\u043b\u043e\u0434\u043e\u0432\u044b\u0439 \u0443\u043a\u0441\u0443\u0441, \u0442\u0430\u043c\u0430\u0440\u0438\u043d\u0434, \u043b\u0443\u043a, \u0447\u0435\u0441\u043d\u043e\u043a, \u0441\u043f\u0435\u0446\u0438\u0438, \u0441\u043c\u0435\u0441\u044c \u043f\u0435\u0440\u0446\u0435\u0432, \u043a\u043e\u043d\u0441\u0435\u0440\u0432\u0430\u043d\u0442 \u0415250.<br \/>\n\u041f\u0438\u0449\u0435\u0432\u0430\u044f \u0446\u0435\u043d\u043d\u043e\u0441\u0442\u044c \u043d\u0430 100 \u0433: \u044d\u043d\u0435\u0440\u0433\u0438\u044f 1126,00 \u043a\u0414\u0436 \/ 266,00 \u043a\u043a\u0430\u043b; \u0436\u0438\u0440\u044b 2,70 \u0433, \u0432 \u0442\u043e\u043c \u0447\u0438\u0441\u043b\u0435 \u0441\u0430\u0442\u0443\u0440\u0430\u0442\u044b 1,2; \u0443\u0433\u043b\u0435\u0432\u043e\u0434\u044b 30, \u0432 \u0442\u043e\u043c \u0447\u0438\u0441\u043b\u0435 \u0441\u0430\u0445\u0430\u0440\u0430 30 \u0433; \u0431\u0435\u043b\u043a\u0438 29 \u0433; \u0441\u043e\u043b\u044c 4,7 \u0433.<br \/>\nIzlietot l\u012bdz: 04.04.2024<br \/>\n\u0422\u0435\u043c\u043f\u0435\u0440\u0430\u0442\u0443\u0440\u0430 \u0445\u0440\u0430\u043d\u0435\u043d\u0438\u044f +2...+18.<\/p>\n<p>\u041f\u0440\u043e\u0438\u0437\u0432\u0435\u0434\u0435\u043d\u043e SIA \"Piebalgas k\u016bpin\u0101tava\", \u0438\u0437\u0433\u043e\u0442\u043e\u0432\u043b\u0435\u043d\u043e \u0434\u043b\u044f KS LATVIJAS LIELLOPS.<\/p>","protected":false},"excerpt":{"rendered":"<p>\u0112rta, vesel\u012bga uzkoda no Latvijas liellopa ga\u013cas! Fas\u0113ts 75g iepakojumos. Sast\u0101vda\u013cas: Liellopa ga\u013ca 98%, s\u0101ls, \u016bdens, sojas pupi\u0146as, cukurs, kvie\u0161u milti, spirta eti\u0137is, melase, iesala eti\u0137is, tamarinds, s\u012bpoli, \u0137iploki, gar\u0161vielas, piparu mais\u012bjums, konservants E250. 100g produkta uzturv\u0113rt\u012bba: ener\u0123.v\u0113rt\u012bba 1126,00 kJ \/ 266,00 kcal; tauki 2.70g, tostarp pies\u0101tin\u0101t\u0101s tauksk\u0101bes 1,2; og\u013chidr\u0101ti 30, tostarp cukuri 30g; olbaltumvielas 29g; s\u0101ls 4.7g. Izlietot l\u012bdz: 04.04.2024 Uzglab\u0101\u0161anas temperat\u016bra +2..+18. Ra\u017eot\u0101js: SIA Piebalgas k\u016bpin\u0101tava, ra\u017eots p\u0113c KS LATVIJAS LIELLOPS pas\u016bt\u012bjuma.<\/p>","protected":false},"featured_media":23395,"template":"","meta":[],"product_brand":[],"product_cat":[168],"product_tag":[],"class_list":{"0":"post-20102","1":"product","2":"type-product","3":"status-publish","4":"has-post-thumbnail","6":"product_cat-izstradajumi","8":"first","9":"outofstock","10":"taxable","11":"shipping-taxable","12":"product-type-simple"},"jetpack_sharing_enabled":true,"_links":{"self":[{"href":"https:\/\/galaspiegade.lv\/ru\/wp-json\/wp\/v2\/product\/20102","targetHints":{"allow":["GET"]}}],"collection":[{"href":"https:\/\/galaspiegade.lv\/ru\/wp-json\/wp\/v2\/product"}],"about":[{"href":"https:\/\/galaspiegade.lv\/ru\/wp-json\/wp\/v2\/types\/product"}],"version-history":[{"count":7,"href":"https:\/\/galaspiegade.lv\/ru\/wp-json\/wp\/v2\/product\/20102\/revisions"}],"predecessor-version":[{"id":23467,"href":"https:\/\/galaspiegade.lv\/ru\/wp-json\/wp\/v2\/product\/20102\/revisions\/23467"}],"wp:featuredmedia":[{"embeddable":true,"href":"https:\/\/galaspiegade.lv\/ru\/wp-json\/wp\/v2\/media\/23395"}],"wp:attachment":[{"href":"https:\/\/galaspiegade.lv\/ru\/wp-json\/wp\/v2\/media?parent=20102"}],"wp:term":[{"taxonomy":"product_brand","embeddable":true,"href":"https:\/\/galaspiegade.lv\/ru\/wp-json\/wp\/v2\/product_brand?post=20102"},{"taxonomy":"product_cat","embeddable":true,"href":"https:\/\/galaspiegade.lv\/ru\/wp-json\/wp\/v2\/product_cat?post=20102"},{"taxonomy":"product_tag","embeddable":true,"href":"https:\/\/galaspiegade.lv\/ru\/wp-json\/wp\/v2\/product_tag?post=20102"}],"curies":[{"name":"wp","href":"https:\/\/api.w.org\/{rel}","templated":true}]}}